{"id":543,"date":"2023-04-22T11:07:49","date_gmt":"2023-04-22T09:07:49","guid":{"rendered":"https:\/\/extrapgb.fr\/pastre\/?page_id=543"},"modified":"2026-04-24T20:45:50","modified_gmt":"2026-04-24T18:45:50","slug":"lycee-technologique","status":"publish","type":"page","link":"https:\/\/extrapgb.fr\/pastre\/lycee-polyvalent\/lycee-technologique\/","title":{"rendered":"Lyc\u00e9e Technologique"},"content":{"rendered":"<p><div class=\"fusion-fullwidth fullwidth-box fusion-builder-row-1 fusion-flex-container has-pattern-background has-mask-background nonhundred-percent-fullwidth non-hundred-percent-height-scrolling fusion-sticky-container\" style=\"--awb-border-radius-top-left:0px;--awb-border-radius-top-right:0px;--awb-border-radius-bottom-right:0px;--awb-border-radius-bottom-left:0px;--awb-padding-top:0px;--awb-background-color:var(--awb-color3);--awb-sticky-background-color:var(--awb-color3) !important;--awb-flex-wrap:wrap;\" data-transition-offset=\"0\" data-scroll-offset=\"0\" data-sticky-small-visibility=\"1\" data-sticky-medium-visibility=\"1\" data-sticky-large-visibility=\"1\" ><div class=\"fusion-builder-row fusion-row fusion-flex-align-items-flex-start fusion-flex-content-wrap\" style=\"max-width:1248px;margin-left: calc(-4% \/ 2 );margin-right: calc(-4% \/ 2 );\"><div class=\"fusion-layout-column fusion_builder_column fusion-builder-column-0 fusion_builder_column_1_1 1_1 fusion-flex-column\" style=\"--awb-bg-size:cover;--awb-width-large:100%;--awb-margin-top-large:0px;--awb-spacing-right-large:1.92%;--awb-margin-bottom-large:20px;--awb-spacing-left-large:1.92%;--awb-width-medium:100%;--awb-order-medium:0;--awb-spacing-right-medium:1.92%;--awb-spacing-left-medium:1.92%;--awb-width-small:100%;--awb-order-small:0;--awb-spacing-right-small:1.92%;--awb-spacing-left-small:1.92%;\"><div class=\"fusion-column-wrapper fusion-column-has-shadow fusion-flex-justify-content-flex-start fusion-content-layout-column\"><nav class=\"awb-menu awb-menu_row awb-menu_em-hover mobile-mode-collapse-to-button awb-menu_icons-left awb-menu_dc-yes mobile-trigger-fullwidth-off awb-menu_mobile-toggle awb-menu_indent-left mobile-size-full-absolute loading mega-menu-loading awb-menu_desktop awb-menu_dropdown awb-menu_expand-right awb-menu_transition-slide_down\" style=\"--awb-font-size:var(--awb-typography2-font-size);--awb-line-height:var(--awb-typography2-line-height);--awb-text-transform:none;--awb-gap:20px;--awb-align-items:flex-end;--awb-letter-spacing:var(--awb-typography2-letter-spacing);--awb-submenu-color:var(--awb-color1);--awb-submenu-bg:var(--awb-color6);--awb-submenu-sep-color:var(--awb-color2);--awb-main-justify-content:flex-start;--awb-sticky-min-height:100px;--awb-mobile-justify:flex-start;--awb-mobile-caret-left:auto;--awb-mobile-caret-right:0;--awb-fusion-font-family-typography:&quot;Fira Sans Extra Condensed&quot;;--awb-fusion-font-style-typography:normal;--awb-fusion-font-weight-typography:400;--awb-fusion-font-family-submenu-typography:var(--awb-typography2-font-family);--awb-fusion-font-weight-submenu-typography:var(--awb-typography2-font-weight);--awb-fusion-font-style-submenu-typography:var(--awb-typography2-font-style);--awb-fusion-font-family-mobile-typography:inherit;--awb-fusion-font-style-mobile-typography:normal;--awb-fusion-font-weight-mobile-typography:400;\" aria-label=\"Unites enseignement\" data-breakpoint=\"1024\" data-count=\"0\" data-transition-type=\"fade\" data-transition-time=\"300\" data-expand=\"right\"><button type=\"button\" class=\"awb-menu__m-toggle awb-menu__m-toggle_no-text\" aria-expanded=\"false\" aria-controls=\"menu-unites-enseignement\"><span class=\"awb-menu__m-toggle-inner\"><span class=\"collapsed-nav-text\"><span class=\"screen-reader-text\">Toggle Navigation<\/span><\/span><span class=\"awb-menu__m-collapse-icon awb-menu__m-collapse-icon_no-text\"><span class=\"awb-menu__m-collapse-icon-open awb-menu__m-collapse-icon-open_no-text fa-bars fas\"><\/span><span class=\"awb-menu__m-collapse-icon-close awb-menu__m-collapse-icon-close_no-text fa-times fas\"><\/span><\/span><\/span><\/button><ul id=\"menu-unites-enseignement\" class=\"fusion-menu awb-menu__main-ul awb-menu__main-ul_row\"><li  id=\"menu-item-464\"  class=\"menu-item menu-item-type-post_type menu-item-object-page menu-item-464 awb-menu__li awb-menu__main-li awb-menu__main-li_regular\"  data-item-id=\"464\"><span class=\"awb-menu__main-background-default awb-menu__main-background-default_fade\"><\/span><span class=\"awb-menu__main-background-active awb-menu__main-background-active_fade\"><\/span><a  href=\"https:\/\/extrapgb.fr\/pastre\/ecole\/\" class=\"awb-menu__main-a awb-menu__main-a_regular\"><span class=\"menu-text\">\u00c9cole<\/span><\/a><\/li><li  id=\"menu-item-465\"  class=\"menu-item menu-item-type-post_type menu-item-object-page menu-item-465 awb-menu__li awb-menu__main-li awb-menu__main-li_regular\"  data-item-id=\"465\"><span class=\"awb-menu__main-background-default awb-menu__main-background-default_fade\"><\/span><span class=\"awb-menu__main-background-active awb-menu__main-background-active_fade\"><\/span><a  href=\"https:\/\/extrapgb.fr\/pastre\/college\/\" class=\"awb-menu__main-a awb-menu__main-a_regular\"><span class=\"menu-text\">Coll\u00e8ge<\/span><\/a><\/li><li  id=\"menu-item-752\"  class=\"menu-item menu-item-type-custom menu-item-object-custom menu-item-has-children menu-item-752 awb-menu__li awb-menu__main-li awb-menu__main-li_regular\"  data-item-id=\"752\"><span class=\"awb-menu__main-background-default awb-menu__main-background-default_fade\"><\/span><span class=\"awb-menu__main-background-active awb-menu__main-background-active_fade\"><\/span><a  href=\"#\" class=\"awb-menu__main-a awb-menu__main-a_regular\"><span class=\"menu-text\">Lyc\u00e9e polyvalent<\/span><span class=\"awb-menu__open-nav-submenu-hover\"><\/span><\/a><button type=\"button\" aria-label=\"Open submenu of Lyc\u00e9e polyvalent\" aria-expanded=\"false\" class=\"awb-menu__open-nav-submenu_mobile awb-menu__open-nav-submenu_main\"><\/button><ul class=\"awb-menu__sub-ul awb-menu__sub-ul_main\"><li  id=\"menu-item-520\"  class=\"menu-item menu-item-type-post_type menu-item-object-page menu-item-has-children menu-item-520 awb-menu__li awb-menu__sub-li\" ><a  href=\"https:\/\/extrapgb.fr\/pastre\/lycee-polyvalent\/lycee-general\/\" class=\"awb-menu__sub-a\"><span>Lyc\u00e9e G\u00e9n\u00e9ral<\/span><span class=\"awb-menu__open-nav-submenu-hover\"><\/span><\/a><button type=\"button\" aria-label=\"Open submenu of Lyc\u00e9e G\u00e9n\u00e9ral\" aria-expanded=\"false\" class=\"awb-menu__open-nav-submenu_mobile awb-menu__open-nav-submenu_sub\"><\/button><ul class=\"awb-menu__sub-ul awb-menu__sub-ul_grand\"><li  id=\"menu-item-521\"  class=\"menu-item menu-item-type-custom menu-item-object-custom menu-item-521 awb-menu__li awb-menu__sub-li\" ><a  href=\"https:\/\/extrapgb.fr\/pastre\/lycee-polyvalent\/lycee-general\/#2gt\" class=\"awb-menu__sub-a\"><span>Seconde GT<\/span><\/a><\/li><li  id=\"menu-item-525\"  class=\"menu-item menu-item-type-custom menu-item-object-custom menu-item-525 awb-menu__li awb-menu__sub-li\" ><a  href=\"https:\/\/extrapgb.fr\/pastre\/lycee-polyvalent\/lycee-general\/#general\" class=\"awb-menu__sub-a\"><span>Bac G\u00e9n\u00e9ral<\/span><\/a><\/li><li  id=\"menu-item-527\"  class=\"menu-item menu-item-type-custom menu-item-object-custom menu-item-527 awb-menu__li awb-menu__sub-li\" ><a  href=\"https:\/\/extrapgb.fr\/pastre\/lycee-polyvalent\/lycee-general\/#europe\" class=\"awb-menu__sub-a\"><span>Section Europ\u00e9enne<\/span><\/a><\/li><li  id=\"menu-item-529\"  class=\"menu-item menu-item-type-custom menu-item-object-custom menu-item-529 awb-menu__li awb-menu__sub-li\" ><a  href=\"https:\/\/extrapgb.fr\/pastre\/lycee-polyvalent\/lycee-general\/#cambridge\" class=\"awb-menu__sub-a\"><span>Certification Cambridge<\/span><\/a><\/li><\/ul><\/li><li  id=\"menu-item-546\"  class=\"menu-item menu-item-type-post_type menu-item-object-page menu-item-has-children menu-item-546 awb-menu__li awb-menu__sub-li\" ><a  href=\"https:\/\/extrapgb.fr\/pastre\/lycee-polyvalent\/lycee-technologique\/\" class=\"awb-menu__sub-a\"><span>Lyc\u00e9e Technologique<\/span><span class=\"awb-menu__open-nav-submenu-hover\"><\/span><\/a><button type=\"button\" aria-label=\"Open submenu of Lyc\u00e9e Technologique\" aria-expanded=\"false\" class=\"awb-menu__open-nav-submenu_mobile awb-menu__open-nav-submenu_sub\"><\/button><ul class=\"awb-menu__sub-ul awb-menu__sub-ul_grand\"><li  id=\"menu-item-548\"  class=\"menu-item menu-item-type-custom menu-item-object-custom menu-item-548 awb-menu__li awb-menu__sub-li\" ><a  href=\"https:\/\/extrapgb.fr\/pastre\/lycee-polyvalent\/lycee-technologique\/#st2s\" class=\"awb-menu__sub-a\"><span>Bac Techno ST2S<\/span><\/a><\/li><\/ul><\/li><li  id=\"menu-item-462\"  class=\"menu-item menu-item-type-post_type menu-item-object-page menu-item-has-children menu-item-462 awb-menu__li awb-menu__sub-li\" ><a  href=\"https:\/\/extrapgb.fr\/pastre\/lycee-polyvalent\/lycee-professionnel\/\" class=\"awb-menu__sub-a\"><span>Lyc\u00e9e Professionnel<\/span><span class=\"awb-menu__open-nav-submenu-hover\"><\/span><\/a><button type=\"button\" aria-label=\"Open submenu of Lyc\u00e9e Professionnel\" aria-expanded=\"false\" class=\"awb-menu__open-nav-submenu_mobile awb-menu__open-nav-submenu_sub\"><\/button><ul class=\"awb-menu__sub-ul awb-menu__sub-ul_grand\"><li  id=\"menu-item-502\"  class=\"menu-item menu-item-type-custom menu-item-object-custom menu-item-502 awb-menu__li awb-menu__sub-li\" ><a  href=\"https:\/\/extrapgb.fr\/pastre\/lycee-polyvalent\/lycee-professionnel\/#assp\" class=\"awb-menu__sub-a\"><span>Bac Pro ASSP<\/span><\/a><\/li><li  id=\"menu-item-501\"  class=\"menu-item menu-item-type-custom menu-item-object-custom menu-item-501 awb-menu__li awb-menu__sub-li\" ><a  href=\"https:\/\/extrapgb.fr\/pastre\/lycee-polyvalent\/lycee-professionnel\/#animation\" class=\"awb-menu__sub-a\"><span>Bac Pro Animation<\/span><\/a><\/li><li  id=\"menu-item-506\"  class=\"menu-item menu-item-type-custom menu-item-object-custom menu-item-506 awb-menu__li awb-menu__sub-li\" ><a  href=\"https:\/\/extrapgb.fr\/pastre\/lycee-polyvalent\/lycee-professionnel\/#cuisine\" class=\"awb-menu__sub-a\"><span>Bac Pro Cuisine<\/span><\/a><\/li><li  id=\"menu-item-513\"  class=\"menu-item menu-item-type-custom menu-item-object-custom menu-item-513 awb-menu__li awb-menu__sub-li\" ><a  href=\"https:\/\/extrapgb.fr\/pastre\/lycee-polyvalent\/lycee-professionnel\/#csr\" class=\"awb-menu__sub-a\"><span>Bac Pro CSR<\/span><\/a><\/li><\/ul><\/li><\/ul><\/li><li  id=\"menu-item-565\"  class=\"menu-item menu-item-type-post_type menu-item-object-page menu-item-has-children menu-item-565 awb-menu__li awb-menu__main-li awb-menu__main-li_regular\"  data-item-id=\"565\"><span class=\"awb-menu__main-background-default awb-menu__main-background-default_fade\"><\/span><span class=\"awb-menu__main-background-active awb-menu__main-background-active_fade\"><\/span><a  href=\"https:\/\/extrapgb.fr\/pastre\/enseignement-superieur\/\" class=\"awb-menu__main-a awb-menu__main-a_regular\"><span class=\"menu-text\">Enseignement Sup\u00e9rieur<\/span><span class=\"awb-menu__open-nav-submenu-hover\"><\/span><\/a><button type=\"button\" aria-label=\"Open submenu of Enseignement Sup\u00e9rieur\" aria-expanded=\"false\" class=\"awb-menu__open-nav-submenu_mobile awb-menu__open-nav-submenu_main\"><\/button><ul class=\"awb-menu__sub-ul awb-menu__sub-ul_main\"><li  id=\"menu-item-582\"  class=\"menu-item menu-item-type-custom menu-item-object-custom menu-item-582 awb-menu__li awb-menu__sub-li\" ><a  href=\"https:\/\/extrapgb.fr\/pastre\/enseignement-superieur\/#esf\" class=\"awb-menu__sub-a\"><span>BTS ESF<\/span><\/a><\/li><li  id=\"menu-item-585\"  class=\"menu-item menu-item-type-custom menu-item-object-custom menu-item-585 awb-menu__li awb-menu__sub-li\" ><a  href=\"https:\/\/extrapgb.fr\/pastre\/enseignement-superieur\/#decesf\" class=\"awb-menu__sub-a\"><span>DE CESF<\/span><\/a><\/li><li  id=\"menu-item-578\"  class=\"menu-item menu-item-type-custom menu-item-object-custom menu-item-578 awb-menu__li awb-menu__sub-li\" ><a  href=\"https:\/\/extrapgb.fr\/pastre\/enseignement-superieur\/#sp3s\" class=\"awb-menu__sub-a\"><span>BTS SP3S<\/span><\/a><\/li><\/ul><\/li><li  id=\"menu-item-466\"  class=\"menu-item menu-item-type-post_type menu-item-object-page menu-item-has-children menu-item-466 awb-menu__li awb-menu__main-li awb-menu__main-li_regular\"  data-item-id=\"466\"><span class=\"awb-menu__main-background-default awb-menu__main-background-default_fade\"><\/span><span class=\"awb-menu__main-background-active awb-menu__main-background-active_fade\"><\/span><a  href=\"https:\/\/extrapgb.fr\/pastre\/alternance-apprentissage\/\" class=\"awb-menu__main-a awb-menu__main-a_regular\"><span class=\"menu-text\">Alternance \/ Apprentissage<\/span><span class=\"awb-menu__open-nav-submenu-hover\"><\/span><\/a><button type=\"button\" aria-label=\"Open submenu of Alternance \/ Apprentissage\" aria-expanded=\"false\" class=\"awb-menu__open-nav-submenu_mobile awb-menu__open-nav-submenu_main\"><\/button><ul class=\"awb-menu__sub-ul awb-menu__sub-ul_main\"><li  id=\"menu-item-550\"  class=\"menu-item menu-item-type-custom menu-item-object-custom menu-item-550 awb-menu__li awb-menu__sub-li\" ><a  href=\"https:\/\/extrapgb.fr\/pastre\/alternance-apprentissage\/#sp3s\" class=\"awb-menu__sub-a\"><span>BTS SP3S<\/span><\/a><\/li><li  id=\"menu-item-552\"  class=\"menu-item menu-item-type-custom menu-item-object-custom menu-item-552 awb-menu__li awb-menu__sub-li\" ><a  href=\"https:\/\/extrapgb.fr\/pastre\/alternance-apprentissage\/#aepe\" class=\"awb-menu__sub-a\"><span>CAP AEPE<\/span><\/a><\/li><li  id=\"menu-item-566\"  class=\"menu-item menu-item-type-custom menu-item-object-custom menu-item-566 awb-menu__li awb-menu__sub-li\" ><a  href=\"https:\/\/extrapgb.fr\/pastre\/alternance-apprentissage\/#ag2s\" class=\"awb-menu__sub-a\"><span>MC AG2S<\/span><\/a><\/li><li  id=\"menu-item-553\"  class=\"menu-item menu-item-type-custom menu-item-object-custom menu-item-553 awb-menu__li awb-menu__sub-li\" ><a  href=\"https:\/\/extrapgb.fr\/pastre\/alternance-apprentissage\/#reess\" class=\"awb-menu__sub-a\"><span>Bac+3 REESS<\/span><\/a><\/li><li  id=\"menu-item-973\"  class=\"menu-item menu-item-type-custom menu-item-object-custom menu-item-973 awb-menu__li awb-menu__sub-li\" ><a  href=\"https:\/\/extrapgb.fr\/pastre\/alternance-apprentissage\/#decesf\" class=\"awb-menu__sub-a\"><span>DE CESF<\/span><\/a><\/li><li  id=\"menu-item-1078\"  class=\"menu-item menu-item-type-custom menu-item-object-custom menu-item-1078 awb-menu__li awb-menu__sub-li\" ><a  href=\"https:\/\/extrapgb.fr\/pastre\/alternance-apprentissage\/#csor\" class=\"awb-menu__sub-a\"><span>CSOR<\/span><\/a><\/li><\/ul><\/li><li  id=\"menu-item-664\"  class=\"menu-item menu-item-type-custom menu-item-object-custom menu-item-has-children menu-item-664 awb-menu__li awb-menu__main-li awb-menu__main-li_regular\"  data-item-id=\"664\"><span class=\"awb-menu__main-background-default awb-menu__main-background-default_fade\"><\/span><span class=\"awb-menu__main-background-active awb-menu__main-background-active_fade\"><\/span><a  href=\"https:\/\/preinscriptions.ecoledirecte.com\/?RNE=0131382G&#038;ETAB=03\" class=\"awb-menu__main-a awb-menu__main-a_regular\"><span class=\"menu-text\">Inscriptions et r\u00e9inscriptions<\/span><span class=\"awb-menu__open-nav-submenu-hover\"><\/span><\/a><button type=\"button\" aria-label=\"Open submenu of Inscriptions et r\u00e9inscriptions\" aria-expanded=\"false\" class=\"awb-menu__open-nav-submenu_mobile awb-menu__open-nav-submenu_main\"><\/button><ul class=\"awb-menu__sub-ul awb-menu__sub-ul_main\"><li  id=\"menu-item-674\"  class=\"menu-item menu-item-type-custom menu-item-object-custom menu-item-674 awb-menu__li awb-menu__sub-li\" ><a  target=\"_blank\" rel=\"noopener noreferrer\" href=\"https:\/\/preinscriptions.ecoledirecte.com\/?RNE=0131382G&#038;ETAB=01\" class=\"awb-menu__sub-a\"><span>Inscriptions \u00e9cole<\/span><\/a><\/li><li  id=\"menu-item-675\"  class=\"menu-item menu-item-type-custom menu-item-object-custom menu-item-675 awb-menu__li awb-menu__sub-li\" ><a  target=\"_blank\" rel=\"noopener noreferrer\" href=\"https:\/\/preinscriptions.ecoledirecte.com\/?RNE=0131382G&#038;ETAB=02\" class=\"awb-menu__sub-a\"><span>Inscriptions coll\u00e8ge<\/span><\/a><\/li><li  id=\"menu-item-676\"  class=\"menu-item menu-item-type-custom menu-item-object-custom menu-item-676 awb-menu__li awb-menu__sub-li\" ><a  target=\"_blank\" rel=\"noopener noreferrer\" href=\"https:\/\/preinscriptions.ecoledirecte.com\/?RNE=0131382G&#038;ETAB=03\" class=\"awb-menu__sub-a\"><span>Inscriptions lyc\u00e9e<\/span><\/a><\/li><\/ul><\/li><\/ul><\/nav>\n<\/div><\/div><\/div><\/div>\n<div id=\"st2s\" class=\"fusion-container-anchor\"><div class=\"fusion-fullwidth fullwidth-box fusion-builder-row-2 fusion-flex-container has-pattern-background has-mask-background nonhundred-percent-fullwidth non-hundred-percent-height-scrolling\" style=\"--awb-border-radius-top-left:0px;--awb-border-radius-top-right:0px;--awb-border-radius-bottom-right:0px;--awb-border-radius-bottom-left:0px;--awb-flex-wrap:wrap;\" ><div class=\"fusion-builder-row fusion-row fusion-flex-align-items-flex-start fusion-flex-content-wrap\" style=\"max-width:1248px;margin-left: calc(-4% \/ 2 );margin-right: calc(-4% \/ 2 );\"><div class=\"fusion-layout-column fusion_builder_column fusion-builder-column-1 fusion_builder_column_1_1 1_1 fusion-flex-column\" style=\"--awb-bg-size:cover;--awb-width-large:100%;--awb-margin-top-large:0px;--awb-spacing-right-large:1.92%;--awb-margin-bottom-large:20px;--awb-spacing-left-large:1.92%;--awb-width-medium:100%;--awb-order-medium:0;--awb-spacing-right-medium:1.92%;--awb-spacing-left-medium:1.92%;--awb-width-small:100%;--awb-order-small:0;--awb-spacing-right-small:1.92%;--awb-spacing-left-small:1.92%;\"><div class=\"fusion-column-wrapper fusion-column-has-shadow fusion-flex-justify-content-flex-start fusion-content-layout-column\"><div class=\"fusion-title title fusion-title-1 fusion-sep-none fusion-title-text fusion-title-size-two\" style=\"--awb-margin-top-small:10px;--awb-margin-right-small:0px;--awb-margin-bottom-small:10px;--awb-margin-left-small:0px;\"><h2 class=\"fusion-title-heading title-heading-left\" style=\"margin:0;\"><p class=\"p1\"><span class=\"s1\"><b>Baccalaur\u00e9at Technologique ST2S<\/b><\/span><\/p><\/h2><\/div><div class=\"fusion-text fusion-text-1\"><p><em>Sciences et Technologies de la Sant\u00e9 et du Social<\/em><\/p>\n<\/div><\/div><\/div><div class=\"fusion-layout-column fusion_builder_column fusion-builder-column-2 fusion_builder_column_1_2 1_2 fusion-flex-column\" style=\"--awb-bg-size:cover;--awb-width-large:50%;--awb-margin-top-large:0px;--awb-spacing-right-large:3.84%;--awb-margin-bottom-large:20px;--awb-spacing-left-large:3.84%;--awb-width-medium:50%;--awb-order-medium:0;--awb-spacing-right-medium:3.84%;--awb-spacing-left-medium:3.84%;--awb-width-small:100%;--awb-order-small:0;--awb-spacing-right-small:1.92%;--awb-spacing-left-small:1.92%;\"><div class=\"fusion-column-wrapper fusion-column-has-shadow fusion-flex-justify-content-flex-start fusion-content-layout-column\"><div class=\"fusion-text fusion-text-2\"><h3 class=\"p1\"><span class=\"s1\"><b>Les objectifs de la formation<\/b>\u00a0<\/span><\/h3>\n<p class=\"p1\"><em>Acqu\u00e9rir une m\u00e9thodologie de travail :<\/em><\/p>\n<ul class=\"ul1\">\n<li class=\"li2\"><span class=\"s3\">Rechercher des informations<\/span><\/li>\n<li class=\"li2\"><span class=\"s3\">Mettre en \u0153uvre la d\u00e9marche de projet<\/span><\/li>\n<\/ul>\n<p class=\"p1\"><em>Obtenir une culture contemporaine :<\/em><\/p>\n<ul class=\"ul1\">\n<li class=\"li2\"><span class=\"s3\">Poss\u00e9der des rep\u00e8res culturels et institutionnels propres aux secteurs sanitaire et social<\/span><\/li>\n<li class=\"li2\"><span class=\"s3\">D\u00e9velopper les savoirs en lien avec les sp\u00e9cificit\u00e9s des m\u00e9tiers\u00a0des secteurs sanitaires et sociaux<\/span><\/li>\n<\/ul>\n<h3 class=\"p3\"><span class=\"s1\"><b>Acc\u00e8s \u00e0 la formation<\/b><\/span><\/h3>\n<p class=\"p3\">Sur d\u00e9cision du conseil de classe entr\u00e9e en 1\u00e8re ST2S\u00a0apr\u00e8s une classe de 2nde GT<\/p>\n<h3 class=\"p3\"><span class=\"s1\"><b>Les qualit\u00e9s attendues<\/b><\/span><\/h3>\n<ul class=\"ul1\">\n<li class=\"li4\"><span class=\"s3\">Avoir le sens des relations humaines<\/span><\/li>\n<li class=\"li4\"><span class=\"s3\">Poss\u00e9der des dispositions d\u2019\u00e9coute et de communication avec un esprit ouvert aux diff\u00e9rents publics<\/span><\/li>\n<li class=\"li4\"><span class=\"s3\">Aimer le travail en \u00e9quipe<\/span><\/li>\n<\/ul>\n<h3 class=\"p3\"><span class=\"s1\"><b>Les enseignements dispens\u00e9s<\/b><\/span><\/h3>\n<ul class=\"ul1\">\n<li class=\"li5\"><strong><span class=\"s5\">Enseignements communs en 1<\/span><span class=\"s6\"><sup>\u00e8re<\/sup><\/span><\/strong><span class=\"s5\"><strong>\u00a0et en Terminale<\/strong>\u00a0<\/span><span class=\"s3\">: Fran\u00e7ais (1<\/span><span class=\"s7\"><sup>\u00e8re<\/sup><\/span><span class=\"s3\">), Philosophie (Terminale), Histoire-g\u00e9ographie, EMC, LVA Anglais, LVB Espagnol ou Italien, Math\u00e9matiques<\/span><\/li>\n<li class=\"li5\"><strong><span class=\"s5\">Enseignements en classe de 1<\/span><span class=\"s6\"><sup>\u00e8re<\/sup><\/span><\/strong><span class=\"s5\">\u00a0<\/span><span class=\"s3\">: Physique Chimie pour la sant\u00e9, Biologie et Physiopathologie humaines, Sciences et techniques sanitaires et sociales<\/span><\/li>\n<li class=\"li5\"><span class=\"s5\"><strong>Enseignements en classe de Terminale<\/strong>\u00a0<\/span><span class=\"s3\">: Chimie, Biologie et Physiopathologie humaines et Sciences et techniques sanitaires et sociales<\/span><\/li>\n<\/ul>\n<\/div><\/div><\/div><div class=\"fusion-layout-column fusion_builder_column fusion-builder-column-3 fusion_builder_column_1_2 1_2 fusion-flex-column\" style=\"--awb-bg-size:cover;--awb-width-large:50%;--awb-margin-top-large:0px;--awb-spacing-right-large:3.84%;--awb-margin-bottom-large:20px;--awb-spacing-left-large:3.84%;--awb-width-medium:50%;--awb-order-medium:0;--awb-spacing-right-medium:3.84%;--awb-spacing-left-medium:3.84%;--awb-width-small:100%;--awb-order-small:0;--awb-spacing-right-small:1.92%;--awb-spacing-left-small:1.92%;\"><div class=\"fusion-column-wrapper fusion-column-has-shadow fusion-flex-justify-content-flex-start fusion-content-layout-column\"><div class=\"fusion-text fusion-text-3\"><h3 class=\"p1\"><span class=\"s1\"><b>Les points forts de la formation<\/b><\/span><\/h3>\n<p class=\"p1\"><em>La formation scientifique permet aux \u00e9l\u00e8ves :<\/em><\/p>\n<ul class=\"ul1\">\n<li class=\"li2\"><span class=\"s3\">De d\u00e9velopper leur esprit d\u2019analyse et de synth\u00e8se<\/span><\/li>\n<li class=\"li2\"><span class=\"s3\">D\u2019acqu\u00e9rir la rigueur n\u00e9cessaire \u00e0 la poursuite d\u2019\u00e9tudes<\/span><\/li>\n<\/ul>\n<p class=\"p1\"><em>La formation technologique et les activit\u00e9s interdisciplinaires doivent :<\/em><\/p>\n<ul class=\"ul1\">\n<li class=\"li3\"><span class=\"s3\">D\u00e9velopper le travail en autonomie et en \u00e9quipe<\/span><\/li>\n<li class=\"li3\"><span class=\"s3\">Assurer aux \u00e9l\u00e8ves une meilleure pr\u00e9paration aux concours d\u2019entr\u00e9e dans les \u00e9coles du secteur social et param\u00e9dica<\/span><span class=\"s4\">l<\/span><\/li>\n<\/ul>\n<h3 class=\"p1\"><span class=\"s1\"><b>Les D\u00e9bouch\u00e9s<\/b><\/span><\/h3>\n<ul class=\"ul1\">\n<li class=\"li2\"><span class=\"s3\">Possibilit\u00e9 d\u2019acc\u00e9der aux \u00e9coles sp\u00e9cialis\u00e9es : infirmiers, \u00e9ducateurs\u2026<\/span><\/li>\n<li class=\"li2\"><span class=\"s3\">Possibilit\u00e9 d\u2019acc\u00e9der aux : BTS Di\u00e9t\u00e9tique, Esth\u00e9tique Cosm\u00e9tique, BTS \u00c9conomie sociale et familiale, BTS Assistant de direction, DTS Imagerie m\u00e9dicale, BTS SP3S : Services et Prestations des Secteurs Sanitaire\u00a0et Social.<\/span><\/li>\n<li class=\"li2\"><span class=\"s3\">Possibilit\u00e9 d\u2019int\u00e9grer l\u2019universit\u00e9<\/span><\/li>\n<\/ul>\n<h3 class=\"p1\"><span class=\"s1\">Poursuite d\u2019\u00e9tudes dans l\u2019\u00e9tablissement<\/span><\/h3>\n<ul class=\"ul1\">\n<li class=\"li5\"><span class=\"s3\">BTS Services et Prestations dans les secteurs sanitaire et social<\/span><\/li>\n<li class=\"li2\"><span class=\"s3\">BTS \u00c9conomie Sociale Familiale<\/span><\/li>\n<li class=\"li2\"><span class=\"s3\">Conseiller en ESF<\/span><\/li>\n<\/ul>\n<\/div><\/div><\/div><\/div><\/div><\/div><\/p>\n","protected":false},"excerpt":{"rendered":"","protected":false},"author":1,"featured_media":0,"parent":457,"menu_order":0,"comment_status":"closed","ping_status":"closed","template":"100-width.php","meta":{"_lmt_disableupdate":"","_lmt_disable":"","footnotes":""},"class_list":["post-543","page","type-page","status-publish","hentry"],"_links":{"self":[{"href":"https:\/\/extrapgb.fr\/pastre\/wp-json\/wp\/v2\/pages\/543","targetHints":{"allow":["GET"]}}],"collection":[{"href":"https:\/\/extrapgb.fr\/pastre\/wp-json\/wp\/v2\/pages"}],"about":[{"href":"https:\/\/extrapgb.fr\/pastre\/wp-json\/wp\/v2\/types\/page"}],"author":[{"embeddable":true,"href":"https:\/\/extrapgb.fr\/pastre\/wp-json\/wp\/v2\/users\/1"}],"replies":[{"embeddable":true,"href":"https:\/\/extrapgb.fr\/pastre\/wp-json\/wp\/v2\/comments?post=543"}],"version-history":[{"count":1,"href":"https:\/\/extrapgb.fr\/pastre\/wp-json\/wp\/v2\/pages\/543\/revisions"}],"predecessor-version":[{"id":1679,"href":"https:\/\/extrapgb.fr\/pastre\/wp-json\/wp\/v2\/pages\/543\/revisions\/1679"}],"up":[{"embeddable":true,"href":"https:\/\/extrapgb.fr\/pastre\/wp-json\/wp\/v2\/pages\/457"}],"wp:attachment":[{"href":"https:\/\/extrapgb.fr\/pastre\/wp-json\/wp\/v2\/media?parent=543"}],"curies":[{"name":"wp","href":"https:\/\/api.w.org\/{rel}","templated":true}]}}