{"id":191,"date":"2023-03-09T11:02:15","date_gmt":"2023-03-09T10:02:15","guid":{"rendered":"https:\/\/extrapgb.fr\/pastre\/?page_id=191"},"modified":"2026-04-24T20:45:38","modified_gmt":"2026-04-24T18:45:38","slug":"college","status":"publish","type":"page","link":"https:\/\/extrapgb.fr\/pastre\/college\/","title":{"rendered":"Coll\u00e8ge"},"content":{"rendered":"<p><div class=\"fusion-fullwidth fullwidth-box fusion-builder-row-1 fusion-flex-container has-pattern-background has-mask-background nonhundred-percent-fullwidth non-hundred-percent-height-scrolling fusion-sticky-container\" style=\"--awb-border-radius-top-left:0px;--awb-border-radius-top-right:0px;--awb-border-radius-bottom-right:0px;--awb-border-radius-bottom-left:0px;--awb-padding-top:0px;--awb-background-color:var(--awb-color3);--awb-sticky-background-color:var(--awb-color3) !important;--awb-flex-wrap:wrap;\" data-transition-offset=\"0\" data-scroll-offset=\"0\" data-sticky-small-visibility=\"1\" data-sticky-medium-visibility=\"1\" data-sticky-large-visibility=\"1\" ><div class=\"fusion-builder-row fusion-row fusion-flex-align-items-flex-start fusion-flex-content-wrap\" style=\"max-width:1248px;margin-left: calc(-4% \/ 2 );margin-right: calc(-4% \/ 2 );\"><div class=\"fusion-layout-column fusion_builder_column fusion-builder-column-0 fusion_builder_column_1_1 1_1 fusion-flex-column\" style=\"--awb-bg-size:cover;--awb-width-large:100%;--awb-margin-top-large:0px;--awb-spacing-right-large:1.92%;--awb-margin-bottom-large:20px;--awb-spacing-left-large:1.92%;--awb-width-medium:100%;--awb-order-medium:0;--awb-spacing-right-medium:1.92%;--awb-spacing-left-medium:1.92%;--awb-width-small:100%;--awb-order-small:0;--awb-spacing-right-small:1.92%;--awb-spacing-left-small:1.92%;\"><div class=\"fusion-column-wrapper fusion-column-has-shadow fusion-flex-justify-content-flex-start fusion-content-layout-column\"><nav class=\"awb-menu awb-menu_row awb-menu_em-hover mobile-mode-collapse-to-button awb-menu_icons-left awb-menu_dc-yes mobile-trigger-fullwidth-off awb-menu_mobile-toggle awb-menu_indent-left mobile-size-full-absolute loading mega-menu-loading awb-menu_desktop awb-menu_dropdown awb-menu_expand-right awb-menu_transition-slide_down\" style=\"--awb-font-size:var(--awb-typography2-font-size);--awb-line-height:var(--awb-typography2-line-height);--awb-text-transform:none;--awb-gap:20px;--awb-align-items:flex-end;--awb-letter-spacing:var(--awb-typography2-letter-spacing);--awb-submenu-color:var(--awb-color1);--awb-submenu-bg:var(--awb-color6);--awb-submenu-sep-color:var(--awb-color2);--awb-main-justify-content:flex-start;--awb-sticky-min-height:100px;--awb-mobile-justify:flex-start;--awb-mobile-caret-left:auto;--awb-mobile-caret-right:0;--awb-fusion-font-family-typography:&quot;Fira Sans Extra Condensed&quot;;--awb-fusion-font-style-typography:normal;--awb-fusion-font-weight-typography:400;--awb-fusion-font-family-submenu-typography:var(--awb-typography2-font-family);--awb-fusion-font-weight-submenu-typography:var(--awb-typography2-font-weight);--awb-fusion-font-style-submenu-typography:var(--awb-typography2-font-style);--awb-fusion-font-family-mobile-typography:inherit;--awb-fusion-font-style-mobile-typography:normal;--awb-fusion-font-weight-mobile-typography:400;\" aria-label=\"Unites enseignement\" data-breakpoint=\"1024\" data-count=\"0\" data-transition-type=\"fade\" data-transition-time=\"300\" data-expand=\"right\"><button type=\"button\" class=\"awb-menu__m-toggle awb-menu__m-toggle_no-text\" aria-expanded=\"false\" aria-controls=\"menu-unites-enseignement\"><span class=\"awb-menu__m-toggle-inner\"><span class=\"collapsed-nav-text\"><span class=\"screen-reader-text\">Toggle Navigation<\/span><\/span><span class=\"awb-menu__m-collapse-icon awb-menu__m-collapse-icon_no-text\"><span class=\"awb-menu__m-collapse-icon-open awb-menu__m-collapse-icon-open_no-text fa-bars fas\"><\/span><span class=\"awb-menu__m-collapse-icon-close awb-menu__m-collapse-icon-close_no-text fa-times fas\"><\/span><\/span><\/span><\/button><ul id=\"menu-unites-enseignement\" class=\"fusion-menu awb-menu__main-ul awb-menu__main-ul_row\"><li  id=\"menu-item-464\"  class=\"menu-item menu-item-type-post_type menu-item-object-page menu-item-464 awb-menu__li awb-menu__main-li awb-menu__main-li_regular\"  data-item-id=\"464\"><span class=\"awb-menu__main-background-default awb-menu__main-background-default_fade\"><\/span><span class=\"awb-menu__main-background-active awb-menu__main-background-active_fade\"><\/span><a  href=\"https:\/\/extrapgb.fr\/pastre\/ecole\/\" class=\"awb-menu__main-a awb-menu__main-a_regular\"><span class=\"menu-text\">\u00c9cole<\/span><\/a><\/li><li  id=\"menu-item-465\"  class=\"menu-item menu-item-type-post_type menu-item-object-page menu-item-465 awb-menu__li awb-menu__main-li awb-menu__main-li_regular\"  data-item-id=\"465\"><span class=\"awb-menu__main-background-default awb-menu__main-background-default_fade\"><\/span><span class=\"awb-menu__main-background-active awb-menu__main-background-active_fade\"><\/span><a  href=\"https:\/\/extrapgb.fr\/pastre\/college\/\" class=\"awb-menu__main-a awb-menu__main-a_regular\"><span class=\"menu-text\">Coll\u00e8ge<\/span><\/a><\/li><li  id=\"menu-item-752\"  class=\"menu-item menu-item-type-custom menu-item-object-custom menu-item-has-children menu-item-752 awb-menu__li awb-menu__main-li awb-menu__main-li_regular\"  data-item-id=\"752\"><span class=\"awb-menu__main-background-default awb-menu__main-background-default_fade\"><\/span><span class=\"awb-menu__main-background-active awb-menu__main-background-active_fade\"><\/span><a  href=\"#\" class=\"awb-menu__main-a awb-menu__main-a_regular\"><span class=\"menu-text\">Lyc\u00e9e polyvalent<\/span><span class=\"awb-menu__open-nav-submenu-hover\"><\/span><\/a><button type=\"button\" aria-label=\"Open submenu of Lyc\u00e9e polyvalent\" aria-expanded=\"false\" class=\"awb-menu__open-nav-submenu_mobile awb-menu__open-nav-submenu_main\"><\/button><ul class=\"awb-menu__sub-ul awb-menu__sub-ul_main\"><li  id=\"menu-item-520\"  class=\"menu-item menu-item-type-post_type menu-item-object-page menu-item-has-children menu-item-520 awb-menu__li awb-menu__sub-li\" ><a  href=\"https:\/\/extrapgb.fr\/pastre\/lycee-polyvalent\/lycee-general\/\" class=\"awb-menu__sub-a\"><span>Lyc\u00e9e G\u00e9n\u00e9ral<\/span><span class=\"awb-menu__open-nav-submenu-hover\"><\/span><\/a><button type=\"button\" aria-label=\"Open submenu of Lyc\u00e9e G\u00e9n\u00e9ral\" aria-expanded=\"false\" class=\"awb-menu__open-nav-submenu_mobile awb-menu__open-nav-submenu_sub\"><\/button><ul class=\"awb-menu__sub-ul awb-menu__sub-ul_grand\"><li  id=\"menu-item-521\"  class=\"menu-item menu-item-type-custom menu-item-object-custom menu-item-521 awb-menu__li awb-menu__sub-li\" ><a  href=\"https:\/\/extrapgb.fr\/pastre\/lycee-polyvalent\/lycee-general\/#2gt\" class=\"awb-menu__sub-a\"><span>Seconde GT<\/span><\/a><\/li><li  id=\"menu-item-525\"  class=\"menu-item menu-item-type-custom menu-item-object-custom menu-item-525 awb-menu__li awb-menu__sub-li\" ><a  href=\"https:\/\/extrapgb.fr\/pastre\/lycee-polyvalent\/lycee-general\/#general\" class=\"awb-menu__sub-a\"><span>Bac G\u00e9n\u00e9ral<\/span><\/a><\/li><li  id=\"menu-item-527\"  class=\"menu-item menu-item-type-custom menu-item-object-custom menu-item-527 awb-menu__li awb-menu__sub-li\" ><a  href=\"https:\/\/extrapgb.fr\/pastre\/lycee-polyvalent\/lycee-general\/#europe\" class=\"awb-menu__sub-a\"><span>Section Europ\u00e9enne<\/span><\/a><\/li><li  id=\"menu-item-529\"  class=\"menu-item menu-item-type-custom menu-item-object-custom menu-item-529 awb-menu__li awb-menu__sub-li\" ><a  href=\"https:\/\/extrapgb.fr\/pastre\/lycee-polyvalent\/lycee-general\/#cambridge\" class=\"awb-menu__sub-a\"><span>Certification Cambridge<\/span><\/a><\/li><\/ul><\/li><li  id=\"menu-item-546\"  class=\"menu-item menu-item-type-post_type menu-item-object-page menu-item-has-children menu-item-546 awb-menu__li awb-menu__sub-li\" ><a  href=\"https:\/\/extrapgb.fr\/pastre\/lycee-polyvalent\/lycee-technologique\/\" class=\"awb-menu__sub-a\"><span>Lyc\u00e9e Technologique<\/span><span class=\"awb-menu__open-nav-submenu-hover\"><\/span><\/a><button type=\"button\" aria-label=\"Open submenu of Lyc\u00e9e Technologique\" aria-expanded=\"false\" class=\"awb-menu__open-nav-submenu_mobile awb-menu__open-nav-submenu_sub\"><\/button><ul class=\"awb-menu__sub-ul awb-menu__sub-ul_grand\"><li  id=\"menu-item-548\"  class=\"menu-item menu-item-type-custom menu-item-object-custom menu-item-548 awb-menu__li awb-menu__sub-li\" ><a  href=\"https:\/\/extrapgb.fr\/pastre\/lycee-polyvalent\/lycee-technologique\/#st2s\" class=\"awb-menu__sub-a\"><span>Bac Techno ST2S<\/span><\/a><\/li><\/ul><\/li><li  id=\"menu-item-462\"  class=\"menu-item menu-item-type-post_type menu-item-object-page menu-item-has-children menu-item-462 awb-menu__li awb-menu__sub-li\" ><a  href=\"https:\/\/extrapgb.fr\/pastre\/lycee-polyvalent\/lycee-professionnel\/\" class=\"awb-menu__sub-a\"><span>Lyc\u00e9e Professionnel<\/span><span class=\"awb-menu__open-nav-submenu-hover\"><\/span><\/a><button type=\"button\" aria-label=\"Open submenu of Lyc\u00e9e Professionnel\" aria-expanded=\"false\" class=\"awb-menu__open-nav-submenu_mobile awb-menu__open-nav-submenu_sub\"><\/button><ul class=\"awb-menu__sub-ul awb-menu__sub-ul_grand\"><li  id=\"menu-item-502\"  class=\"menu-item menu-item-type-custom menu-item-object-custom menu-item-502 awb-menu__li awb-menu__sub-li\" ><a  href=\"https:\/\/extrapgb.fr\/pastre\/lycee-polyvalent\/lycee-professionnel\/#assp\" class=\"awb-menu__sub-a\"><span>Bac Pro ASSP<\/span><\/a><\/li><li  id=\"menu-item-501\"  class=\"menu-item menu-item-type-custom menu-item-object-custom menu-item-501 awb-menu__li awb-menu__sub-li\" ><a  href=\"https:\/\/extrapgb.fr\/pastre\/lycee-polyvalent\/lycee-professionnel\/#animation\" class=\"awb-menu__sub-a\"><span>Bac Pro Animation<\/span><\/a><\/li><li  id=\"menu-item-506\"  class=\"menu-item menu-item-type-custom menu-item-object-custom menu-item-506 awb-menu__li awb-menu__sub-li\" ><a  href=\"https:\/\/extrapgb.fr\/pastre\/lycee-polyvalent\/lycee-professionnel\/#cuisine\" class=\"awb-menu__sub-a\"><span>Bac Pro Cuisine<\/span><\/a><\/li><li  id=\"menu-item-513\"  class=\"menu-item menu-item-type-custom menu-item-object-custom menu-item-513 awb-menu__li awb-menu__sub-li\" ><a  href=\"https:\/\/extrapgb.fr\/pastre\/lycee-polyvalent\/lycee-professionnel\/#csr\" class=\"awb-menu__sub-a\"><span>Bac Pro CSR<\/span><\/a><\/li><\/ul><\/li><\/ul><\/li><li  id=\"menu-item-565\"  class=\"menu-item menu-item-type-post_type menu-item-object-page menu-item-has-children menu-item-565 awb-menu__li awb-menu__main-li awb-menu__main-li_regular\"  data-item-id=\"565\"><span class=\"awb-menu__main-background-default awb-menu__main-background-default_fade\"><\/span><span class=\"awb-menu__main-background-active awb-menu__main-background-active_fade\"><\/span><a  href=\"https:\/\/extrapgb.fr\/pastre\/enseignement-superieur\/\" class=\"awb-menu__main-a awb-menu__main-a_regular\"><span class=\"menu-text\">Enseignement Sup\u00e9rieur<\/span><span class=\"awb-menu__open-nav-submenu-hover\"><\/span><\/a><button type=\"button\" aria-label=\"Open submenu of Enseignement Sup\u00e9rieur\" aria-expanded=\"false\" class=\"awb-menu__open-nav-submenu_mobile awb-menu__open-nav-submenu_main\"><\/button><ul class=\"awb-menu__sub-ul awb-menu__sub-ul_main\"><li  id=\"menu-item-582\"  class=\"menu-item menu-item-type-custom menu-item-object-custom menu-item-582 awb-menu__li awb-menu__sub-li\" ><a  href=\"https:\/\/extrapgb.fr\/pastre\/enseignement-superieur\/#esf\" class=\"awb-menu__sub-a\"><span>BTS ESF<\/span><\/a><\/li><li  id=\"menu-item-585\"  class=\"menu-item menu-item-type-custom menu-item-object-custom menu-item-585 awb-menu__li awb-menu__sub-li\" ><a  href=\"https:\/\/extrapgb.fr\/pastre\/enseignement-superieur\/#decesf\" class=\"awb-menu__sub-a\"><span>DE CESF<\/span><\/a><\/li><li  id=\"menu-item-578\"  class=\"menu-item menu-item-type-custom menu-item-object-custom menu-item-578 awb-menu__li awb-menu__sub-li\" ><a  href=\"https:\/\/extrapgb.fr\/pastre\/enseignement-superieur\/#sp3s\" class=\"awb-menu__sub-a\"><span>BTS SP3S<\/span><\/a><\/li><\/ul><\/li><li  id=\"menu-item-466\"  class=\"menu-item menu-item-type-post_type menu-item-object-page menu-item-has-children menu-item-466 awb-menu__li awb-menu__main-li awb-menu__main-li_regular\"  data-item-id=\"466\"><span class=\"awb-menu__main-background-default awb-menu__main-background-default_fade\"><\/span><span class=\"awb-menu__main-background-active awb-menu__main-background-active_fade\"><\/span><a  href=\"https:\/\/extrapgb.fr\/pastre\/alternance-apprentissage\/\" class=\"awb-menu__main-a awb-menu__main-a_regular\"><span class=\"menu-text\">Alternance \/ Apprentissage<\/span><span class=\"awb-menu__open-nav-submenu-hover\"><\/span><\/a><button type=\"button\" aria-label=\"Open submenu of Alternance \/ Apprentissage\" aria-expanded=\"false\" class=\"awb-menu__open-nav-submenu_mobile awb-menu__open-nav-submenu_main\"><\/button><ul class=\"awb-menu__sub-ul awb-menu__sub-ul_main\"><li  id=\"menu-item-550\"  class=\"menu-item menu-item-type-custom menu-item-object-custom menu-item-550 awb-menu__li awb-menu__sub-li\" ><a  href=\"https:\/\/extrapgb.fr\/pastre\/alternance-apprentissage\/#sp3s\" class=\"awb-menu__sub-a\"><span>BTS SP3S<\/span><\/a><\/li><li  id=\"menu-item-552\"  class=\"menu-item menu-item-type-custom menu-item-object-custom menu-item-552 awb-menu__li awb-menu__sub-li\" ><a  href=\"https:\/\/extrapgb.fr\/pastre\/alternance-apprentissage\/#aepe\" class=\"awb-menu__sub-a\"><span>CAP AEPE<\/span><\/a><\/li><li  id=\"menu-item-566\"  class=\"menu-item menu-item-type-custom menu-item-object-custom menu-item-566 awb-menu__li awb-menu__sub-li\" ><a  href=\"https:\/\/extrapgb.fr\/pastre\/alternance-apprentissage\/#ag2s\" class=\"awb-menu__sub-a\"><span>MC AG2S<\/span><\/a><\/li><li  id=\"menu-item-553\"  class=\"menu-item menu-item-type-custom menu-item-object-custom menu-item-553 awb-menu__li awb-menu__sub-li\" ><a  href=\"https:\/\/extrapgb.fr\/pastre\/alternance-apprentissage\/#reess\" class=\"awb-menu__sub-a\"><span>Bac+3 REESS<\/span><\/a><\/li><li  id=\"menu-item-973\"  class=\"menu-item menu-item-type-custom menu-item-object-custom menu-item-973 awb-menu__li awb-menu__sub-li\" ><a  href=\"https:\/\/extrapgb.fr\/pastre\/alternance-apprentissage\/#decesf\" class=\"awb-menu__sub-a\"><span>DE CESF<\/span><\/a><\/li><li  id=\"menu-item-1078\"  class=\"menu-item menu-item-type-custom menu-item-object-custom menu-item-1078 awb-menu__li awb-menu__sub-li\" ><a  href=\"https:\/\/extrapgb.fr\/pastre\/alternance-apprentissage\/#csor\" class=\"awb-menu__sub-a\"><span>CSOR<\/span><\/a><\/li><\/ul><\/li><li  id=\"menu-item-664\"  class=\"menu-item menu-item-type-custom menu-item-object-custom menu-item-has-children menu-item-664 awb-menu__li awb-menu__main-li awb-menu__main-li_regular\"  data-item-id=\"664\"><span class=\"awb-menu__main-background-default awb-menu__main-background-default_fade\"><\/span><span class=\"awb-menu__main-background-active awb-menu__main-background-active_fade\"><\/span><a  href=\"https:\/\/preinscriptions.ecoledirecte.com\/?RNE=0131382G&#038;ETAB=03\" class=\"awb-menu__main-a awb-menu__main-a_regular\"><span class=\"menu-text\">Inscriptions et r\u00e9inscriptions<\/span><span class=\"awb-menu__open-nav-submenu-hover\"><\/span><\/a><button type=\"button\" aria-label=\"Open submenu of Inscriptions et r\u00e9inscriptions\" aria-expanded=\"false\" class=\"awb-menu__open-nav-submenu_mobile awb-menu__open-nav-submenu_main\"><\/button><ul class=\"awb-menu__sub-ul awb-menu__sub-ul_main\"><li  id=\"menu-item-674\"  class=\"menu-item menu-item-type-custom menu-item-object-custom menu-item-674 awb-menu__li awb-menu__sub-li\" ><a  target=\"_blank\" rel=\"noopener noreferrer\" href=\"https:\/\/preinscriptions.ecoledirecte.com\/?RNE=0131382G&#038;ETAB=01\" class=\"awb-menu__sub-a\"><span>Inscriptions \u00e9cole<\/span><\/a><\/li><li  id=\"menu-item-675\"  class=\"menu-item menu-item-type-custom menu-item-object-custom menu-item-675 awb-menu__li awb-menu__sub-li\" ><a  target=\"_blank\" rel=\"noopener noreferrer\" href=\"https:\/\/preinscriptions.ecoledirecte.com\/?RNE=0131382G&#038;ETAB=02\" class=\"awb-menu__sub-a\"><span>Inscriptions coll\u00e8ge<\/span><\/a><\/li><li  id=\"menu-item-676\"  class=\"menu-item menu-item-type-custom menu-item-object-custom menu-item-676 awb-menu__li awb-menu__sub-li\" ><a  target=\"_blank\" rel=\"noopener noreferrer\" href=\"https:\/\/preinscriptions.ecoledirecte.com\/?RNE=0131382G&#038;ETAB=03\" class=\"awb-menu__sub-a\"><span>Inscriptions lyc\u00e9e<\/span><\/a><\/li><\/ul><\/li><\/ul><\/nav>\n<\/div><\/div><\/div><\/div>\n<div class=\"fusion-fullwidth fullwidth-box fusion-builder-row-2 fusion-flex-container has-pattern-background has-mask-background nonhundred-percent-fullwidth non-hundred-percent-height-scrolling\" style=\"--awb-border-radius-top-left:0px;--awb-border-radius-top-right:0px;--awb-border-radius-bottom-right:0px;--awb-border-radius-bottom-left:0px;--awb-flex-wrap:wrap;\" ><div class=\"fusion-builder-row fusion-row fusion-flex-align-items-flex-start fusion-flex-content-wrap\" style=\"max-width:1248px;margin-left: calc(-4% \/ 2 );margin-right: calc(-4% \/ 2 );\"><div class=\"fusion-layout-column fusion_builder_column fusion-builder-column-1 fusion_builder_column_1_1 1_1 fusion-flex-column\" style=\"--awb-bg-size:cover;--awb-width-large:100%;--awb-margin-top-large:0px;--awb-spacing-right-large:1.92%;--awb-margin-bottom-large:20px;--awb-spacing-left-large:1.92%;--awb-width-medium:100%;--awb-order-medium:0;--awb-spacing-right-medium:1.92%;--awb-spacing-left-medium:1.92%;--awb-width-small:100%;--awb-order-small:0;--awb-spacing-right-small:1.92%;--awb-spacing-left-small:1.92%;\"><div class=\"fusion-column-wrapper fusion-column-has-shadow fusion-flex-justify-content-flex-start fusion-content-layout-column\"><div class=\"fusion-title title fusion-title-1 fusion-sep-none fusion-title-text fusion-title-size-two\" style=\"--awb-margin-top-small:10px;--awb-margin-right-small:0px;--awb-margin-bottom-small:10px;--awb-margin-left-small:0px;\"><h2 class=\"fusion-title-heading title-heading-left\" style=\"margin:0;\"><h3><strong>Coll\u00e8ge<\/strong><\/h3>\n<h5><a href=\"https:\/\/extrapgb.fr\/pastre\/wp-content\/uploads\/2026\/01\/ORGANISATION-COLLEGE2025-2026.pdf\" target=\"_blank\" rel=\"noopener\">Organisation ann\u00e9e scolaire<\/a><\/h5><\/h2><\/div><\/div><\/div><div class=\"fusion-layout-column fusion_builder_column fusion-builder-column-2 fusion_builder_column_1_2 1_2 fusion-flex-column\" style=\"--awb-bg-size:cover;--awb-width-large:50%;--awb-margin-top-large:0px;--awb-spacing-right-large:3.84%;--awb-margin-bottom-large:20px;--awb-spacing-left-large:3.84%;--awb-width-medium:50%;--awb-order-medium:0;--awb-spacing-right-medium:3.84%;--awb-spacing-left-medium:3.84%;--awb-width-small:100%;--awb-order-small:0;--awb-spacing-right-small:1.92%;--awb-spacing-left-small:1.92%;\"><div class=\"fusion-column-wrapper fusion-column-has-shadow fusion-flex-justify-content-flex-start fusion-content-layout-column\"><div class=\"fusion-text fusion-text-1\"><h3 class=\"p1\"><b>Horaires :<\/b><\/h3>\n<ul class=\"ul1\">\n<li class=\"li2\"><span class=\"s2\">8 h 30 \u2013 12 h 30<\/span><\/li>\n<li class=\"li2\"><span class=\"s2\">13 h 30 \u2013 16 h 30 ou 17 h 30<\/span><\/li>\n<\/ul>\n<h3 class=\"p1\"><b>\u00c9tude :<\/b><\/h3>\n<p class=\"p1\">Du lundi au vendredi : 16 h 30 \u00e0 17 h 30<\/p>\n<h3 class=\"p1\"><b>Pr\u00e9sence des \u00e9l\u00e8ves :<\/b><\/h3>\n<p class=\"p1\">La pr\u00e9sence des \u00e9l\u00e8ves dans l\u2019\u00e9tablissement est contr\u00f4l\u00e9e s\u00e9rieusement. Nous contactons la famille dans la \u00bd journ\u00e9e en cas d\u2019absence non excus\u00e9e. En cas d\u2019absence inopin\u00e9e d\u2019un professeur, les \u00e9l\u00e8ves de 6\u00e8me et de 5\u00e8me ne sortent jamais avant l\u2019heure indiqu\u00e9e.<\/p>\n<h3 class=\"p1\"><b>Suivi des \u00e9l\u00e8ves :<\/b><\/h3>\n<ul class=\"ul1\">\n<li class=\"li2\"><span class=\"s2\">Une salle fixe par classe est pr\u00e9vue, ce sont les professeurs qui se d\u00e9placent \u00e0 chaque heure.<\/span><\/li>\n<li class=\"li2\"><span class=\"s2\">Un devoir sur table chaque semaine pour toutes les classes.<\/span><\/li>\n<li class=\"li2\"><span class=\"s2\">Les notes, les absences et l\u2019emploi du temps sont consultables sur le site\u00a0<a href=\"https:\/\/www.ecoledirecte.com\/login\"><span class=\"s3\">\u00c9cole Directe<\/span><\/a>.<\/span><\/li>\n<li class=\"li2\"><span class=\"s2\">Trois bulletins trimestriels (fin novembre, fin Mars et Juin).<\/span><\/li>\n<\/ul>\n<\/div><\/div><\/div><div class=\"fusion-layout-column fusion_builder_column fusion-builder-column-3 fusion_builder_column_1_2 1_2 fusion-flex-column\" style=\"--awb-bg-size:cover;--awb-width-large:50%;--awb-margin-top-large:0px;--awb-spacing-right-large:3.84%;--awb-margin-bottom-large:20px;--awb-spacing-left-large:3.84%;--awb-width-medium:50%;--awb-order-medium:0;--awb-spacing-right-medium:3.84%;--awb-spacing-left-medium:3.84%;--awb-width-small:100%;--awb-order-small:0;--awb-spacing-right-small:1.92%;--awb-spacing-left-small:1.92%;\"><div class=\"fusion-column-wrapper fusion-column-has-shadow fusion-flex-justify-content-flex-start fusion-content-layout-column\"><div class=\"fusion-text fusion-text-2\"><h3 class=\"p1\"><b>Suivi des \u00e9l\u00e8ves :<\/b><\/h3>\n<ul class=\"ul1\">\n<li class=\"li2\"><span class=\"s2\">Une salle fixe par classe est pr\u00e9vue, ce sont les professeurs qui se d\u00e9placent \u00e0 chaque heure.<\/span><\/li>\n<li class=\"li2\"><span class=\"s2\">Un devoir sur table chaque semaine pour toutes les classes.<\/span><\/li>\n<li class=\"li2\"><span class=\"s2\">Les notes, les absences et l\u2019emploi du temps sont consultables sur le site\u00a0<a href=\"https:\/\/www.ecoledirecte.com\/login\" target=\"_blank\" rel=\"noopener\"><span class=\"s3\">\u00c9cole Directe<\/span><\/a>.<\/span><\/li>\n<li class=\"li2\"><span class=\"s2\">Trois bulletins trimestriels (fin novembre, fin Mars et Juin).<\/span><\/li>\n<\/ul>\n<h3 class=\"p1\"><b>La cat\u00e9ch\u00e8se :<\/b><\/h3>\n<ul class=\"ul1\">\n<li class=\"li2\"><span class=\"s2\">Une heure par semaine.<\/span><\/li>\n<li class=\"li2\"><span class=\"s2\">Pr\u00e9paration aux sacrements : bapt\u00eame, premi\u00e8re communion, confirmation et \u00e0 la profession de foi.<\/span><\/li>\n<\/ul>\n<h3 class=\"p1\"><b>Les langues :<\/b><\/h3>\n<ul class=\"ul1\">\n<li class=\"li2\"><span class=\"s2\">Enseignement possible d\u2019une 2\u00e8me langue (allemand) d\u00e8s la classe de 6\u00e8me.<\/span><\/li>\n<li class=\"li2\"><span class=\"s2\">D\u00e8s la 5\u00e8me, Italien ou Espagnol et le latin est possible en option.<\/span><\/li>\n<\/ul>\n<\/div><\/div><\/div><div class=\"fusion-layout-column fusion_builder_column fusion-builder-column-4 fusion_builder_column_1_1 1_1 fusion-flex-column\" style=\"--awb-bg-size:cover;--awb-width-large:100%;--awb-margin-top-large:0px;--awb-spacing-right-large:1.92%;--awb-margin-bottom-large:20px;--awb-spacing-left-large:1.92%;--awb-width-medium:100%;--awb-order-medium:0;--awb-spacing-right-medium:1.92%;--awb-spacing-left-medium:1.92%;--awb-width-small:100%;--awb-order-small:0;--awb-spacing-right-small:1.92%;--awb-spacing-left-small:1.92%;\"><div class=\"fusion-column-wrapper fusion-column-has-shadow fusion-flex-justify-content-flex-start fusion-content-layout-column\"><div class=\"fusion-text fusion-text-3\"><h2>Activit\u00e9s :<\/h2>\n<ul>\n<li>Une semaine d\u2019activit\u00e9s sportive et culturelle est propos\u00e9e aux \u00e9l\u00e8ves de 6\u00e8me. Tout au long de l\u2019ann\u00e9e scolaire plusieurs ateliers sont propos\u00e9s aux \u00e9l\u00e8ves du coll\u00e8ge: Bande Dessin\u00e9e&#8230;<\/li>\n<li>Un stage d&rsquo;une semaine de ski en 5\u00e8me.<\/li>\n<li>Capitalisation de la troisi\u00e8me heure d\u2019EPS en 4\u00e8me et 3\u00e8me :\n<ul>\n<li>un stage de sports nautiques de quatre jours en Juin pour les 4\u00e8mes<\/li>\n<li>un stage de sports nautiques de quatre jours en septembre pour les 3\u00e8mes<\/li>\n<\/ul>\n<\/li>\n<li>Chorale \u00e9l\u00e8ves dirig\u00e9e par Crystelle Faure :\n<ul>\n<li>Une fois par semaine les lundis et vendredis \u00e0 13h00.<\/li>\n<\/ul>\n<\/li>\n<\/ul>\n<\/div><\/div><\/div><\/div><\/div><\/p>\n","protected":false},"excerpt":{"rendered":"","protected":false},"author":1,"featured_media":0,"parent":0,"menu_order":0,"comment_status":"closed","ping_status":"closed","template":"100-width.php","meta":{"_lmt_disableupdate":"no","_lmt_disable":"no","footnotes":""},"class_list":["post-191","page","type-page","status-publish","hentry"],"_links":{"self":[{"href":"https:\/\/extrapgb.fr\/pastre\/wp-json\/wp\/v2\/pages\/191","targetHints":{"allow":["GET"]}}],"collection":[{"href":"https:\/\/extrapgb.fr\/pastre\/wp-json\/wp\/v2\/pages"}],"about":[{"href":"https:\/\/extrapgb.fr\/pastre\/wp-json\/wp\/v2\/types\/page"}],"author":[{"embeddable":true,"href":"https:\/\/extrapgb.fr\/pastre\/wp-json\/wp\/v2\/users\/1"}],"replies":[{"embeddable":true,"href":"https:\/\/extrapgb.fr\/pastre\/wp-json\/wp\/v2\/comments?post=191"}],"version-history":[{"count":2,"href":"https:\/\/extrapgb.fr\/pastre\/wp-json\/wp\/v2\/pages\/191\/revisions"}],"predecessor-version":[{"id":1770,"href":"https:\/\/extrapgb.fr\/pastre\/wp-json\/wp\/v2\/pages\/191\/revisions\/1770"}],"wp:attachment":[{"href":"https:\/\/extrapgb.fr\/pastre\/wp-json\/wp\/v2\/media?parent=191"}],"curies":[{"name":"wp","href":"https:\/\/api.w.org\/{rel}","templated":true}]}}