{"id":142,"date":"2023-03-08T10:11:51","date_gmt":"2023-03-08T09:11:51","guid":{"rendered":"https:\/\/extrapgb.fr\/pastre\/?page_id=142"},"modified":"2026-04-24T20:45:50","modified_gmt":"2026-04-24T18:45:50","slug":"menus-du-restaurant-dapplication","status":"publish","type":"page","link":"https:\/\/extrapgb.fr\/pastre\/menus-du-restaurant-dapplication\/","title":{"rendered":"Menus du restaurant d\u2019application"},"content":{"rendered":"<p><div class=\"fusion-fullwidth fullwidth-box fusion-builder-row-1 fusion-flex-container has-pattern-background has-mask-background nonhundred-percent-fullwidth non-hundred-percent-height-scrolling\" style=\"--awb-border-radius-top-left:0px;--awb-border-radius-top-right:0px;--awb-border-radius-bottom-right:0px;--awb-border-radius-bottom-left:0px;--awb-flex-wrap:wrap;\" ><div class=\"fusion-builder-row fusion-row fusion-flex-align-items-flex-start fusion-flex-content-wrap\" style=\"max-width:1248px;margin-left: calc(-4% \/ 2 );margin-right: calc(-4% \/ 2 );\"><div class=\"fusion-layout-column fusion_builder_column fusion-builder-column-0 fusion_builder_column_1_1 1_1 fusion-flex-column\" style=\"--awb-bg-size:cover;--awb-width-large:100%;--awb-margin-top-large:0px;--awb-spacing-right-large:1.92%;--awb-margin-bottom-large:20px;--awb-spacing-left-large:1.92%;--awb-width-medium:100%;--awb-order-medium:0;--awb-spacing-right-medium:1.92%;--awb-spacing-left-medium:1.92%;--awb-width-small:100%;--awb-order-small:0;--awb-spacing-right-small:1.92%;--awb-spacing-left-small:1.92%;\"><div class=\"fusion-column-wrapper fusion-column-has-shadow fusion-flex-justify-content-flex-start fusion-content-layout-column\"><div class=\"fusion-title title fusion-title-1 fusion-sep-none fusion-title-text fusion-title-size-two\" style=\"--awb-margin-top-small:10px;--awb-margin-right-small:0px;--awb-margin-bottom-small:10px;--awb-margin-left-small:0px;\"><h2 class=\"fusion-title-heading title-heading-left\" style=\"margin:0;\"><b>Menus du restaurant d\u2019applications <\/b><em><b>Les Saveurs de Pastr\u00e9<\/b><\/em><\/h2><\/div><div class=\"fusion-text fusion-text-1\"><p class=\"p1\">Dans le cadre de leur formation, les \u00e9l\u00e8ves vous accueillent dans le restaurant d\u2019application de l\u2019\u00e9tablissement<i>, Les Saveurs de Pastr\u00e9<\/i>.<\/p>\n<\/div><\/div><\/div><div class=\"fusion-layout-column fusion_builder_column fusion-builder-column-1 fusion_builder_column_1_3 1_3 fusion-flex-column\" style=\"--awb-bg-size:cover;--awb-width-large:33.333333333333%;--awb-margin-top-large:0px;--awb-spacing-right-large:5.76%;--awb-margin-bottom-large:20px;--awb-spacing-left-large:5.76%;--awb-width-medium:33.333333333333%;--awb-order-medium:0;--awb-spacing-right-medium:5.76%;--awb-spacing-left-medium:5.76%;--awb-width-small:100%;--awb-order-small:0;--awb-spacing-right-small:1.92%;--awb-spacing-left-small:1.92%;\"><div class=\"fusion-column-wrapper fusion-column-has-shadow fusion-flex-justify-content-flex-start fusion-content-layout-column\"><div class=\"fusion-text fusion-text-2\"><p class=\"p1\"><strong><span class=\"s1\">Le lundi<\/span><\/strong><\/p>\n<p class=\"p1\">Tout au long de l\u2019ann\u00e9e, les \u00e9l\u00e8ves de la classe de seconde vous proposeront des menus en fonction des progr\u00e8s accomplis, d\u00e9butant par une cuisine familiale, puis de formule bistrot pour tendre vers des menus de type gastronomique.<\/p>\n<p class=\"p1\"><strong><span class=\"s1\">Le mardi<\/span><\/strong><\/p>\n<p class=\"p1\">Les \u00e9l\u00e8ves de la classe de Premi\u00e8re r\u00e9alisent vos repas avec une exp\u00e9rience acquise depuis un an et pr\u00e9parent des menus plus traditionnels, con\u00e7us \u00e0 partir de sp\u00e9cialit\u00e9s ou produits d\u2019une r\u00e9gion sp\u00e9cifique.<\/p>\n<\/div><\/div><\/div><div class=\"fusion-layout-column fusion_builder_column fusion-builder-column-2 fusion_builder_column_1_3 1_3 fusion-flex-column\" style=\"--awb-bg-size:cover;--awb-width-large:33.333333333333%;--awb-margin-top-large:0px;--awb-spacing-right-large:5.76%;--awb-margin-bottom-large:20px;--awb-spacing-left-large:5.76%;--awb-width-medium:33.333333333333%;--awb-order-medium:0;--awb-spacing-right-medium:5.76%;--awb-spacing-left-medium:5.76%;--awb-width-small:100%;--awb-order-small:0;--awb-spacing-right-small:1.92%;--awb-spacing-left-small:1.92%;\"><div class=\"fusion-column-wrapper fusion-column-has-shadow fusion-flex-justify-content-flex-start fusion-content-layout-column\"><div class=\"fusion-text fusion-text-3\"><p class=\"p1\"><strong><span class=\"s1\">Le jeudi<\/span><\/strong><\/p>\n<p class=\"p1\">Pour vos repas d\u2019affaire ou en famille, deux formules brasserie sauront satisfaire votre heure de d\u00e9jeuner.<\/p>\n<p class=\"p1\"><strong><span class=\"s1\">Le Vendredi <\/span><\/strong><\/p>\n<p class=\"p1\">Il s\u2019agit d\u2019une restauration \u00e0 th\u00e8me effectu\u00e9e gr\u00e2ce \u00e0 l\u2019association d\u2019\u00e9l\u00e8ves de terminale et de seconde (commis).<\/p>\n<p class=\"p1\">Des pays ou des continents sont mis \u00e0 l\u2019honneur, permettant ainsi aux \u00e9l\u00e8ves de conna\u00eetre des techniques culinaires et des produits venus d\u2019ailleurs.<\/p>\n<\/div><\/div><\/div><div class=\"fusion-layout-column fusion_builder_column fusion-builder-column-3 fusion_builder_column_1_3 1_3 fusion-flex-column\" style=\"--awb-bg-size:cover;--awb-width-large:33.333333333333%;--awb-margin-top-large:0px;--awb-spacing-right-large:5.76%;--awb-margin-bottom-large:20px;--awb-spacing-left-large:5.76%;--awb-width-medium:33.333333333333%;--awb-order-medium:0;--awb-spacing-right-medium:5.76%;--awb-spacing-left-medium:5.76%;--awb-width-small:100%;--awb-order-small:0;--awb-spacing-right-small:1.92%;--awb-spacing-left-small:1.92%;\"><div class=\"fusion-column-wrapper fusion-column-has-shadow fusion-flex-justify-content-flex-start fusion-content-layout-column\"><div class=\"fusion-text fusion-text-4\"><p class=\"p1\"><strong><span class=\"s1\">Cours de cuisine<\/span><\/strong><\/p>\n<p class=\"p1\">Nous proposons 2-3 ateliers de cuisine chaque ann\u00e9e\u00a0: Pain, Foie Gras, Chocolats, Choux\u2026<\/p>\n<\/div><\/div><\/div><\/div><\/div><div class=\"fusion-fullwidth fullwidth-box fusion-builder-row-2 fusion-flex-container has-pattern-background has-mask-background nonhundred-percent-fullwidth non-hundred-percent-height-scrolling\" style=\"--awb-border-radius-top-left:0px;--awb-border-radius-top-right:0px;--awb-border-radius-bottom-right:0px;--awb-border-radius-bottom-left:0px;--awb-flex-wrap:wrap;\" ><div class=\"fusion-builder-row fusion-row fusion-flex-align-items-flex-start fusion-flex-content-wrap\" style=\"max-width:1248px;margin-left: calc(-4% \/ 2 );margin-right: calc(-4% \/ 2 );\"><div class=\"fusion-layout-column fusion_builder_column fusion-builder-column-4 fusion_builder_column_1_1 1_1 fusion-flex-column fusion-flex-align-self-center\" style=\"--awb-bg-size:cover;--awb-width-large:100%;--awb-margin-top-large:0px;--awb-spacing-right-large:1.92%;--awb-margin-bottom-large:20px;--awb-spacing-left-large:1.92%;--awb-width-medium:100%;--awb-order-medium:0;--awb-spacing-right-medium:1.92%;--awb-spacing-left-medium:1.92%;--awb-width-small:100%;--awb-order-small:0;--awb-spacing-right-small:1.92%;--awb-spacing-left-small:1.92%;\"><div class=\"fusion-column-wrapper fusion-column-has-shadow fusion-flex-justify-content-flex-start fusion-content-layout-column\"><div class=\"fusion-text fusion-text-5\"><p class=\"p1\">Les menus sont \u00e9galement consultables sur la page<span style=\"text-decoration: underline;\"><a href=\"https:\/\/www.facebook.com\/lessaveursdepastre\/?locale=fr_FR\" target=\"_blank\" rel=\"noopener\"> Facebook \u00ab Les saveurs de Pastr\u00e9 \u00bb<\/a><\/span><\/p>\n<p class=\"p1\">Vous pouvez r\u00e9server au <strong>04 96 19 06 06<\/strong> ou par mail <a href=\"mailto:lessaveursdepastre@gmail.com\">lessaveursdepastre@gmail.com<\/a><\/p>\n<\/div><div class=\"fusion-text fusion-text-6\"><div class=\"wp-block-pdfemb-pdf-embedder-viewer\"><a href=\"https:\/\/extrapgb.fr\/pastre\/wp-content\/uploads\/saveurs-pastre\/saveurs-mars.pdf\" class=\"pdfemb-viewer\" style=\"\" data-width=\"max\" data-height=\"max\" data-toolbar=\"bottom\" data-toolbar-fixed=\"on\">Menus Saveurs de Pastr\u00e9<\/a><\/div>\n<\/div><\/div><\/div><\/div><\/div><\/p>\n","protected":false},"excerpt":{"rendered":"","protected":false},"author":1,"featured_media":0,"parent":0,"menu_order":0,"comment_status":"closed","ping_status":"closed","template":"100-width.php","meta":{"_lmt_disableupdate":"no","_lmt_disable":"no","footnotes":""},"class_list":["post-142","page","type-page","status-publish","hentry"],"_links":{"self":[{"href":"https:\/\/extrapgb.fr\/pastre\/wp-json\/wp\/v2\/pages\/142","targetHints":{"allow":["GET"]}}],"collection":[{"href":"https:\/\/extrapgb.fr\/pastre\/wp-json\/wp\/v2\/pages"}],"about":[{"href":"https:\/\/extrapgb.fr\/pastre\/wp-json\/wp\/v2\/types\/page"}],"author":[{"embeddable":true,"href":"https:\/\/extrapgb.fr\/pastre\/wp-json\/wp\/v2\/users\/1"}],"replies":[{"embeddable":true,"href":"https:\/\/extrapgb.fr\/pastre\/wp-json\/wp\/v2\/comments?post=142"}],"version-history":[{"count":3,"href":"https:\/\/extrapgb.fr\/pastre\/wp-json\/wp\/v2\/pages\/142\/revisions"}],"predecessor-version":[{"id":1842,"href":"https:\/\/extrapgb.fr\/pastre\/wp-json\/wp\/v2\/pages\/142\/revisions\/1842"}],"wp:attachment":[{"href":"https:\/\/extrapgb.fr\/pastre\/wp-json\/wp\/v2\/media?parent=142"}],"curies":[{"name":"wp","href":"https:\/\/api.w.org\/{rel}","templated":true}]}}