{"id":112,"date":"2023-03-08T09:40:47","date_gmt":"2023-03-08T08:40:47","guid":{"rendered":"https:\/\/extrapgb.fr\/pastre\/?page_id=112"},"modified":"2026-04-24T20:45:50","modified_gmt":"2026-04-24T18:45:50","slug":"pastorale","status":"publish","type":"page","link":"https:\/\/extrapgb.fr\/pastre\/pastorale\/","title":{"rendered":"Pastorale"},"content":{"rendered":"<p><div class=\"fusion-fullwidth fullwidth-box fusion-builder-row-1 fusion-flex-container has-pattern-background has-mask-background nonhundred-percent-fullwidth non-hundred-percent-height-scrolling\" style=\"--awb-border-radius-top-left:0px;--awb-border-radius-top-right:0px;--awb-border-radius-bottom-right:0px;--awb-border-radius-bottom-left:0px;--awb-flex-wrap:wrap;\" ><div class=\"fusion-builder-row fusion-row fusion-flex-align-items-flex-start fusion-flex-content-wrap\" style=\"max-width:1248px;margin-left: calc(-4% \/ 2 );margin-right: calc(-4% \/ 2 );\"><div class=\"fusion-layout-column fusion_builder_column fusion-builder-column-0 fusion_builder_column_1_1 1_1 fusion-flex-column\" style=\"--awb-bg-size:cover;--awb-width-large:100%;--awb-margin-top-large:0px;--awb-spacing-right-large:1.92%;--awb-margin-bottom-large:20px;--awb-spacing-left-large:1.92%;--awb-width-medium:100%;--awb-order-medium:0;--awb-spacing-right-medium:1.92%;--awb-spacing-left-medium:1.92%;--awb-width-small:100%;--awb-order-small:0;--awb-spacing-right-small:1.92%;--awb-spacing-left-small:1.92%;\"><div class=\"fusion-column-wrapper fusion-column-has-shadow fusion-flex-justify-content-flex-start fusion-content-layout-column\"><div class=\"fusion-title title fusion-title-1 fusion-sep-none fusion-title-text fusion-title-size-one\" style=\"--awb-margin-top-small:10px;--awb-margin-right-small:0px;--awb-margin-bottom-small:10px;--awb-margin-left-small:0px;\"><h1 class=\"fusion-title-heading title-heading-left\" style=\"margin:0;\"><h2 class=\"title-heading-left\"><b>Pastorale<\/b><\/h2><\/h1><\/div><div class=\"fusion-text fusion-text-1 awb-text-cols fusion-text-columns-3\" style=\"--awb-columns:3;--awb-column-spacing:2em;--awb-column-min-width:100px;\"><p class=\"p1\">Dans une Maison de Don Bosco le projet \u00e9ducatif ne fait qu\u2019un avec le projet pastoral. Chez Don Bosco, enseigner , \u00e9duquer , \u00e9vang\u00e9liser se conjuguent en un seul acte. La base de tout acte \u00e9ducatif et pastoral est la confiance : \u00ab Sans affection pas de confiance, pas de confiance sans \u00e9ducation \u00bb disait Don Bosco.<\/p>\n<p class=\"p1\">L\u2019\u00e9vang\u00e9lisation passe \u00e0 travers l\u2019ambiance : l\u2019esprit de famille, le sens de la f\u00eate, la simplicit\u00e9 des rapports, ainsi que le valeurs v\u00e9cues et propos\u00e9es par les adultes, les jeunes, le t\u00e9moignage de foi et de vie.<\/p>\n<p class=\"p1\">C\u2019est toute la communaut\u00e9 \u00e9ducative qui est partie prenante de la pastorale comme elle est partie prenante de l\u2019\u00e9ducation que ce soit en classe, \u00e0 la salle \u00e0 manger, en r\u00e9cr\u00e9ation, dans les transports etc\u2026<\/p>\n<p class=\"p1\">Bien s\u00fbr, certaines personnes en sont plus particuli\u00e8rement charg\u00e9es de la pastorale. Le chef d\u2019\u00e9tablissement, l\u2019A.P.S. (Animatrice de Pastorale Scolaire), les cat\u00e9chistes qui pensent les temps de rencontre, de pr\u00e9paration aux sacrements, de cat\u00e9ch\u00e8se proprement dit. Cependant, chacun contribue \u00e0 faire vivre cette pastorale par son action propre.<\/p>\n<p class=\"p1\">Propositions pastorales sur Pastr\u00e9 Grande Bastide :<\/p>\n<ul>\n<li class=\"p2\">Des temps de pastorale inscrits dans l\u2019emploi du temps des jeunes et qui se d\u00e9clinent soit en cat\u00e9ch\u00e8se, en culture religieuse, en formation humaine.<\/li>\n<li class=\"p1\">Propositions sp\u00e9cifiques aux \u00e9l\u00e8ves de post-bac : trois rencontres dans l\u2019ann\u00e9e avec intervenants en tenant compte de l\u2019aspect religieux dans leur programme.<\/li>\n<li class=\"p1\">La chapelle est ouverte au coll\u00e8ge lors de la r\u00e9cr\u00e9ation du matin<\/li>\n<li class=\"p3\">Les pr\u00eatres du secteur viennent pour rencontrer les \u00e9l\u00e8ves, pour discuter, donner le sacrement de r\u00e9conciliation\u2026<\/li>\n<li class=\"p1\">Des p\u00e8lerinages : \u00e0 Notre Dame du Laus (4\u00e8mes et 3\u00e8mes), \u00e0 Turin (5\u00e8mes), \u00e0 Lourdes et \u00e0 Saint Victor (pour les lyc\u00e9ens).<\/li>\n<li class=\"p1\">Des temps forts avec les \u00e9tablissements de l\u2019Enseignement Catholique : 6,5,4,3\u00e8me.<\/li>\n<li class=\"p1\">Des rencontres avec le r\u00e9seau des sal\u00e9siens et sal\u00e9siennes de Don Bosco: Paris-Bosco, Festi Bosco, Campo Bosco<\/li>\n<li class=\"p1\">Pour les ain\u00e9s, la B.A.F.A., le V.I.D.E.S.<\/li>\n<li class=\"p1\">Propositions des sacrements dans toutes les classes et de la profession de foi en 5\u00e8me : bapt\u00eame, premi\u00e8re communion, confirmation (\u00e0 partir de la troisi\u00e8me) avec une retraite avec des groupes d\u2019aum\u00f4nerie du secteur.<\/li>\n<li class=\"p1\">Temps de c\u00e9l\u00e9bration : \u00e0 la rentr\u00e9e, \u00e0 No\u00ebl, f\u00eate de Don Bosco<\/li>\n<li class=\"p1\">La f\u00eate de Don Bosco<\/li>\n<li class=\"p1\">La foire aux Talents.<\/li>\n<li class=\"p1\">Etude de la parole de Dieu 1 fois par mois en lyc\u00e9e pour ceux qui le d\u00e9sirent.<\/li>\n<li class=\"p1\">Les actions humanitaires.<\/li>\n<li class=\"p1\">Liens avec la maison de retraite de Pastr\u00e9 : spectacles pr\u00e9par\u00e9s dans certaines classes et pr\u00e9sent\u00e9s aux s\u0153urs \u00e2g\u00e9es.<\/li>\n<\/ul>\n<\/div><\/div><\/div><\/div><\/div><div class=\"fusion-fullwidth fullwidth-box fusion-builder-row-2 fusion-flex-container has-pattern-background has-mask-background nonhundred-percent-fullwidth non-hundred-percent-height-scrolling\" style=\"--awb-border-radius-top-left:0px;--awb-border-radius-top-right:0px;--awb-border-radius-bottom-right:0px;--awb-border-radius-bottom-left:0px;--awb-flex-wrap:wrap;\" ><div class=\"fusion-builder-row fusion-row fusion-flex-align-items-flex-start fusion-flex-content-wrap\" style=\"max-width:1248px;margin-left: calc(-4% \/ 2 );margin-right: calc(-4% \/ 2 );\"><div class=\"fusion-layout-column fusion_builder_column fusion-builder-column-1 fusion_builder_column_1_5 1_5 fusion-flex-column fusion-flex-align-self-center\" style=\"--awb-bg-size:cover;--awb-width-large:20%;--awb-margin-top-large:0px;--awb-spacing-right-large:9.6%;--awb-margin-bottom-large:20px;--awb-spacing-left-large:9.6%;--awb-width-medium:20%;--awb-order-medium:0;--awb-spacing-right-medium:9.6%;--awb-spacing-left-medium:9.6%;--awb-width-small:100%;--awb-order-small:0;--awb-spacing-right-small:1.92%;--awb-spacing-left-small:1.92%;\" data-scroll-devices=\"small-visibility,medium-visibility,large-visibility\"><div class=\"fusion-column-wrapper fusion-column-has-shadow fusion-flex-justify-content-space-between fusion-content-layout-column\"><\/div><\/div><div class=\"fusion-layout-column fusion_builder_column fusion-builder-column-2 fusion_builder_column_3_5 3_5 fusion-flex-column fusion-flex-align-self-center\" style=\"--awb-bg-size:cover;--awb-width-large:60%;--awb-margin-top-large:0px;--awb-spacing-right-large:3.2%;--awb-margin-bottom-large:20px;--awb-spacing-left-large:3.2%;--awb-width-medium:60%;--awb-order-medium:0;--awb-spacing-right-medium:3.2%;--awb-spacing-left-medium:3.2%;--awb-width-small:100%;--awb-order-small:0;--awb-spacing-right-small:1.92%;--awb-spacing-left-small:1.92%;\" data-scroll-devices=\"small-visibility,medium-visibility,large-visibility\"><div class=\"fusion-column-wrapper fusion-column-has-shadow fusion-flex-justify-content-space-between fusion-content-layout-column\"><div class=\"fusion-image-element \" style=\"text-align:center;--awb-caption-title-font-family:var(--h2_typography-font-family);--awb-caption-title-font-weight:var(--h2_typography-font-weight);--awb-caption-title-font-style:var(--h2_typography-font-style);--awb-caption-title-size:var(--h2_typography-font-size);--awb-caption-title-transform:var(--h2_typography-text-transform);--awb-caption-title-line-height:var(--h2_typography-line-height);--awb-caption-title-letter-spacing:var(--h2_typography-letter-spacing);\"><span class=\" fusion-imageframe imageframe-dropshadow imageframe-1 hover-type-none\" style=\"-webkit-box-shadow: 3px 3px 7px rgba(122,122,122,0.3);box-shadow: 3px 3px 7px rgba(122,122,122,0.3);\"><img decoding=\"async\" width=\"1024\" height=\"988\" title=\"shema-pastorale\" src=\"https:\/\/extrapgb.fr\/pastre\/wp-content\/uploads\/2023\/05\/shema-pastorale-1024x988.png\" alt class=\"img-responsive wp-image-628\" srcset=\"https:\/\/extrapgb.fr\/pastre\/wp-content\/uploads\/2023\/05\/shema-pastorale-200x193.png 200w, https:\/\/extrapgb.fr\/pastre\/wp-content\/uploads\/2023\/05\/shema-pastorale-400x386.png 400w, https:\/\/extrapgb.fr\/pastre\/wp-content\/uploads\/2023\/05\/shema-pastorale-600x579.png 600w, https:\/\/extrapgb.fr\/pastre\/wp-content\/uploads\/2023\/05\/shema-pastorale-800x772.png 800w, https:\/\/extrapgb.fr\/pastre\/wp-content\/uploads\/2023\/05\/shema-pastorale-1200x1157.png 1200w, https:\/\/extrapgb.fr\/pastre\/wp-content\/uploads\/2023\/05\/shema-pastorale.png 1636w\" sizes=\"(max-width: 640px) 100vw, 800px\" \/><\/span><\/div><\/div><\/div><div class=\"fusion-layout-column fusion_builder_column fusion-builder-column-3 fusion_builder_column_1_5 1_5 fusion-flex-column fusion-flex-align-self-center\" style=\"--awb-bg-size:cover;--awb-width-large:20%;--awb-margin-top-large:0px;--awb-spacing-right-large:9.6%;--awb-margin-bottom-large:20px;--awb-spacing-left-large:9.6%;--awb-width-medium:20%;--awb-order-medium:0;--awb-spacing-right-medium:9.6%;--awb-spacing-left-medium:9.6%;--awb-width-small:100%;--awb-order-small:0;--awb-spacing-right-small:1.92%;--awb-spacing-left-small:1.92%;\" data-scroll-devices=\"small-visibility,medium-visibility,large-visibility\"><div class=\"fusion-column-wrapper fusion-column-has-shadow fusion-flex-justify-content-space-between fusion-content-layout-column\"><\/div><\/div><\/div><\/div><\/p>\n","protected":false},"excerpt":{"rendered":"","protected":false},"author":1,"featured_media":0,"parent":0,"menu_order":0,"comment_status":"closed","ping_status":"closed","template":"100-width.php","meta":{"_lmt_disableupdate":"","_lmt_disable":"","footnotes":""},"class_list":["post-112","page","type-page","status-publish","hentry"],"_links":{"self":[{"href":"https:\/\/extrapgb.fr\/pastre\/wp-json\/wp\/v2\/pages\/112","targetHints":{"allow":["GET"]}}],"collection":[{"href":"https:\/\/extrapgb.fr\/pastre\/wp-json\/wp\/v2\/pages"}],"about":[{"href":"https:\/\/extrapgb.fr\/pastre\/wp-json\/wp\/v2\/types\/page"}],"author":[{"embeddable":true,"href":"https:\/\/extrapgb.fr\/pastre\/wp-json\/wp\/v2\/users\/1"}],"replies":[{"embeddable":true,"href":"https:\/\/extrapgb.fr\/pastre\/wp-json\/wp\/v2\/comments?post=112"}],"version-history":[{"count":1,"href":"https:\/\/extrapgb.fr\/pastre\/wp-json\/wp\/v2\/pages\/112\/revisions"}],"predecessor-version":[{"id":1683,"href":"https:\/\/extrapgb.fr\/pastre\/wp-json\/wp\/v2\/pages\/112\/revisions\/1683"}],"wp:attachment":[{"href":"https:\/\/extrapgb.fr\/pastre\/wp-json\/wp\/v2\/media?parent=112"}],"curies":[{"name":"wp","href":"https:\/\/api.w.org\/{rel}","templated":true}]}}