{"id":106,"date":"2023-03-08T09:35:59","date_gmt":"2023-03-08T08:35:59","guid":{"rendered":"https:\/\/extrapgb.fr\/pastre\/?page_id=106"},"modified":"2026-03-28T14:45:52","modified_gmt":"2026-03-28T13:45:52","slug":"saint-jean-bosco","status":"publish","type":"page","link":"https:\/\/extrapgb.fr\/pastre\/saint-jean-bosco\/","title":{"rendered":"Saint Jean Bosco"},"content":{"rendered":"<div class=\"fusion-fullwidth fullwidth-box fusion-builder-row-1 fusion-flex-container has-pattern-background has-mask-background nonhundred-percent-fullwidth non-hundred-percent-height-scrolling\" style=\"--awb-border-radius-top-left:0px;--awb-border-radius-top-right:0px;--awb-border-radius-bottom-right:0px;--awb-border-radius-bottom-left:0px;--awb-flex-wrap:wrap;\" ><div class=\"fusion-builder-row fusion-row fusion-flex-align-items-flex-start fusion-flex-content-wrap\" style=\"max-width:1248px;margin-left: calc(-4% \/ 2 );margin-right: calc(-4% \/ 2 );\"><div class=\"fusion-layout-column fusion_builder_column fusion-builder-column-0 fusion_builder_column_1_1 1_1 fusion-flex-column\" style=\"--awb-bg-size:cover;--awb-width-large:100%;--awb-margin-top-large:0px;--awb-spacing-right-large:1.92%;--awb-margin-bottom-large:20px;--awb-spacing-left-large:1.92%;--awb-width-medium:100%;--awb-order-medium:0;--awb-spacing-right-medium:1.92%;--awb-spacing-left-medium:1.92%;--awb-width-small:100%;--awb-order-small:0;--awb-spacing-right-small:1.92%;--awb-spacing-left-small:1.92%;\"><div class=\"fusion-column-wrapper fusion-column-has-shadow fusion-flex-justify-content-flex-start fusion-content-layout-column\"><div class=\"fusion-title title fusion-title-1 fusion-sep-none fusion-title-text fusion-title-size-one\" style=\"--awb-margin-top-small:10px;--awb-margin-right-small:0px;--awb-margin-bottom-small:10px;--awb-margin-left-small:0px;\"><h1 class=\"fusion-title-heading title-heading-left\" style=\"margin:0;\"><h2 class=\"title-heading-left\"><b>Saint Jean Bosco<\/b><\/h2><\/h1><\/div><\/div><\/div><div class=\"fusion-layout-column fusion_builder_column fusion-builder-column-1 fusion_builder_column_2_3 2_3 fusion-flex-column\" style=\"--awb-bg-size:cover;--awb-width-large:66.666666666667%;--awb-margin-top-large:0px;--awb-spacing-right-large:2.88%;--awb-margin-bottom-large:20px;--awb-spacing-left-large:2.88%;--awb-width-medium:66.666666666667%;--awb-order-medium:0;--awb-spacing-right-medium:2.88%;--awb-spacing-left-medium:2.88%;--awb-width-small:100%;--awb-order-small:0;--awb-spacing-right-small:1.92%;--awb-spacing-left-small:1.92%;\"><div class=\"fusion-column-wrapper fusion-column-has-shadow fusion-flex-justify-content-flex-start fusion-content-layout-column\"><div class=\"fusion-text fusion-text-1 awb-text-cols fusion-text-columns-2\" style=\"--awb-columns:2;--awb-column-spacing:2em;--awb-column-min-width:100px;\"><p>Jean Bosco, na\u00eet le 16 ao\u00fbt 1815, au lendemain des guerres napol\u00e9oniennes, dans le hameau des Becchi, \u00e0 proximit\u00e9 de Turin.<br \/>\nSon p\u00e8re, agriculteur, s\u2019appelle Fran\u00e7ois et sa m\u00e8re Marguerite.<br \/>\nJean est le troisi\u00e8me gar\u00e7on de la famille. Alors que Jean va avoir vingt et un mois son p\u00e8re meurt terrass\u00e9 par une pneumonie.<br \/>\nOn est pauvre au foyer des Bosco.<br \/>\nMarguerite travaille dur avec sa belle-m\u00e8re infirme, elle a cinq bouches \u00e0 nourrir.<\/p>\n<p>\u00c0 neuf ans, le jeune Jean fait un r\u00eave dont il parlera toute sa vie.<br \/>\nIl y d\u00e9couvre les signes de sa vocation sacerdotale.<\/p>\n<p>\u00c0 quatorze ans, il re\u00e7oit du chapelain de son hameau ses premi\u00e8res le\u00e7ons de latin ainsi qu\u2019une initiation \u00e0 la vie spirituelle.<\/p>\n<p>\u00c0 vingt ans, il devient interne au s\u00e9minaire de Chieri.<br \/>\nIl est ordonn\u00e9 le 5 juin 1841 \u00e0 Turin.<br \/>\nL\u2019activit\u00e9 du pr\u00eatre Bosco est multiple: il visite les prisonniers, g\u00e8re un foyer pour les jeunes de la rue, construit des \u00e9glises, compose et publie des ouvrages cat\u00e9ch\u00e9tiques, historiques et spirituels pour les jeunes et les adultes de milieux populaires.<\/p>\n<p>En 1859, il fonde, avec les jeunes qui vivent chez lui, une congr\u00e9gation religieuse, \u00ab\u00a0les sal\u00e9siens\u00a0\u00bb.<\/p>\n<p>En 1872 il cr\u00e9e avec Marie-Dominique Mazzarello les soeurs \u00ab\u00a0sal\u00e9siennes\u00a0\u00bb.<\/p>\n<p>En 1876 il suscite une association de la\u00efcs, les \u00ab\u00a0coop\u00e9rateurs\u00a0\u00bb.<\/p>\n<p>D\u00e8s 1875, les sal\u00e9siens passent les fronti\u00e8res de l\u2019Italie. Ils vont en Am\u00e9rique du Sud et en France m\u00e9ridionale.<br \/>\nQuand Don Bosco meurt \u00e0 Turin le 31 janvier 1888, sa famille religieuse est d\u00e9j\u00e0 florissante.<\/p>\n<p>Il sera canonis\u00e9 par Pie XI en 1934. En janvier 1988, Jean-Paul II le proclamera \u00ab\u00a0P\u00e8re et Ma\u00eetre de la jeunesse\u00a0\u00bb.<\/p>\n<\/div><\/div><\/div><div class=\"fusion-layout-column fusion_builder_column fusion-builder-column-2 fusion_builder_column_1_3 1_3 fusion-flex-column\" style=\"--awb-bg-size:cover;--awb-width-large:33.333333333333%;--awb-margin-top-large:0px;--awb-spacing-right-large:5.76%;--awb-margin-bottom-large:20px;--awb-spacing-left-large:5.76%;--awb-width-medium:33.333333333333%;--awb-order-medium:0;--awb-spacing-right-medium:5.76%;--awb-spacing-left-medium:5.76%;--awb-width-small:100%;--awb-order-small:0;--awb-spacing-right-small:1.92%;--awb-spacing-left-small:1.92%;\"><div class=\"fusion-column-wrapper fusion-column-has-shadow fusion-flex-justify-content-flex-start fusion-content-layout-column\"><div class=\"fusion-image-element \" style=\"--awb-caption-title-font-family:var(--h2_typography-font-family);--awb-caption-title-font-weight:var(--h2_typography-font-weight);--awb-caption-title-font-style:var(--h2_typography-font-style);--awb-caption-title-size:var(--h2_typography-font-size);--awb-caption-title-transform:var(--h2_typography-text-transform);--awb-caption-title-line-height:var(--h2_typography-line-height);--awb-caption-title-letter-spacing:var(--h2_typography-letter-spacing);\"><span class=\" fusion-imageframe imageframe-dropshadow imageframe-1 hover-type-none\" style=\"-webkit-box-shadow: 3px 3px 7px rgba(122,122,122,0.3);box-shadow: 3px 3px 7px rgba(122,122,122,0.3);\"><img decoding=\"async\" width=\"815\" height=\"1168\" title=\"Don_Bosco-Portrait\" src=\"https:\/\/extrapgb.fr\/pastre\/wp-content\/uploads\/2023\/05\/Don_Bosco-Portrait-e1684312311185.png\" alt class=\"img-responsive wp-image-743\" srcset=\"https:\/\/extrapgb.fr\/pastre\/wp-content\/uploads\/2023\/05\/Don_Bosco-Portrait-e1684312311185-200x287.png 200w, https:\/\/extrapgb.fr\/pastre\/wp-content\/uploads\/2023\/05\/Don_Bosco-Portrait-e1684312311185-400x573.png 400w, https:\/\/extrapgb.fr\/pastre\/wp-content\/uploads\/2023\/05\/Don_Bosco-Portrait-e1684312311185-600x860.png 600w, https:\/\/extrapgb.fr\/pastre\/wp-content\/uploads\/2023\/05\/Don_Bosco-Portrait-e1684312311185-800x1147.png 800w, https:\/\/extrapgb.fr\/pastre\/wp-content\/uploads\/2023\/05\/Don_Bosco-Portrait-e1684312311185.png 815w\" sizes=\"(max-width: 640px) 100vw, 400px\" \/><\/span><\/div><\/div><\/div><\/div><\/div>\n","protected":false},"excerpt":{"rendered":"","protected":false},"author":1,"featured_media":0,"parent":0,"menu_order":0,"comment_status":"closed","ping_status":"closed","template":"100-width.php","meta":{"_lmt_disableupdate":"","_lmt_disable":"","footnotes":""},"class_list":["post-106","page","type-page","status-publish","hentry"],"_links":{"self":[{"href":"https:\/\/extrapgb.fr\/pastre\/wp-json\/wp\/v2\/pages\/106","targetHints":{"allow":["GET"]}}],"collection":[{"href":"https:\/\/extrapgb.fr\/pastre\/wp-json\/wp\/v2\/pages"}],"about":[{"href":"https:\/\/extrapgb.fr\/pastre\/wp-json\/wp\/v2\/types\/page"}],"author":[{"embeddable":true,"href":"https:\/\/extrapgb.fr\/pastre\/wp-json\/wp\/v2\/users\/1"}],"replies":[{"embeddable":true,"href":"https:\/\/extrapgb.fr\/pastre\/wp-json\/wp\/v2\/comments?post=106"}],"version-history":[{"count":1,"href":"https:\/\/extrapgb.fr\/pastre\/wp-json\/wp\/v2\/pages\/106\/revisions"}],"predecessor-version":[{"id":1687,"href":"https:\/\/extrapgb.fr\/pastre\/wp-json\/wp\/v2\/pages\/106\/revisions\/1687"}],"wp:attachment":[{"href":"https:\/\/extrapgb.fr\/pastre\/wp-json\/wp\/v2\/media?parent=106"}],"curies":[{"name":"wp","href":"https:\/\/api.w.org\/{rel}","templated":true}]}}