{"id":102,"date":"2023-03-08T09:32:07","date_gmt":"2023-03-08T08:32:07","guid":{"rendered":"https:\/\/extrapgb.fr\/pastre\/?page_id=102"},"modified":"2026-04-24T20:45:50","modified_gmt":"2026-04-24T18:45:50","slug":"historique","status":"publish","type":"page","link":"https:\/\/extrapgb.fr\/pastre\/historique\/","title":{"rendered":"Historique"},"content":{"rendered":"<div class=\"fusion-fullwidth fullwidth-box fusion-builder-row-1 fusion-flex-container has-pattern-background has-mask-background nonhundred-percent-fullwidth non-hundred-percent-height-scrolling\" style=\"--awb-border-radius-top-left:0px;--awb-border-radius-top-right:0px;--awb-border-radius-bottom-right:0px;--awb-border-radius-bottom-left:0px;--awb-flex-wrap:wrap;\" ><div class=\"fusion-builder-row fusion-row fusion-flex-align-items-flex-start fusion-flex-content-wrap\" style=\"max-width:1248px;margin-left: calc(-4% \/ 2 );margin-right: calc(-4% \/ 2 );\"><div class=\"fusion-layout-column fusion_builder_column fusion-builder-column-0 fusion_builder_column_1_1 1_1 fusion-flex-column\" style=\"--awb-bg-size:cover;--awb-width-large:100%;--awb-margin-top-large:0px;--awb-spacing-right-large:1.92%;--awb-margin-bottom-large:20px;--awb-spacing-left-large:1.92%;--awb-width-medium:100%;--awb-order-medium:0;--awb-spacing-right-medium:1.92%;--awb-spacing-left-medium:1.92%;--awb-width-small:100%;--awb-order-small:0;--awb-spacing-right-small:1.92%;--awb-spacing-left-small:1.92%;\"><div class=\"fusion-column-wrapper fusion-column-has-shadow fusion-flex-justify-content-flex-start fusion-content-layout-column\"><div class=\"fusion-title title fusion-title-1 fusion-sep-none fusion-title-text fusion-title-size-one\" style=\"--awb-margin-top-small:10px;--awb-margin-right-small:0px;--awb-margin-bottom-small:10px;--awb-margin-left-small:0px;\"><h1 class=\"fusion-title-heading title-heading-left\" style=\"margin:0;\">Historique<\/h1><\/div><\/div><\/div><div class=\"fusion-layout-column fusion_builder_column fusion-builder-column-1 fusion_builder_column_2_3 2_3 fusion-flex-column\" style=\"--awb-bg-size:cover;--awb-width-large:66.666666666667%;--awb-margin-top-large:0px;--awb-spacing-right-large:2.88%;--awb-margin-bottom-large:20px;--awb-spacing-left-large:2.88%;--awb-width-medium:66.666666666667%;--awb-order-medium:0;--awb-spacing-right-medium:2.88%;--awb-spacing-left-medium:2.88%;--awb-width-small:100%;--awb-order-small:0;--awb-spacing-right-small:1.92%;--awb-spacing-left-small:1.92%;\"><div class=\"fusion-column-wrapper fusion-column-has-shadow fusion-flex-justify-content-flex-start fusion-content-layout-column\"><div class=\"fusion-text fusion-text-1 awb-text-cols fusion-text-columns-2\" style=\"--awb-columns:2;--awb-column-spacing:2em;--awb-column-min-width:100px;\"><p>C\u2019est Don Bosco, le fondateur de la congr\u00e9gation des soeurs sal\u00e9siennes, qui est \u00e0 l\u2019origine de la cr\u00e9ation de l\u2019\u00e9tablissement.<\/p>\n<p>En 1883, madame Pastr\u00e9 fait don de sa propri\u00e9t\u00e9 \u00e0 Don Bosco qui l\u2019a r\u00eav\u00e9e en songe.<br \/>\nDon Bosco y installe un noviciat de p\u00e8res sal\u00e9siens, qui eux-m\u00eames donneront la propri\u00e9t\u00e9 aux soeurs sal\u00e9siennes en 1891.<\/p>\n<p>L\u2019\u00e9cole na\u00eet en 1893 avec quelques enfants et devient \u00e9galement un noviciat pour les religieuses. Cette propri\u00e9t\u00e9 est donc le berceau de la congr\u00e9gation des s\u0153urs sal\u00e9siennes de France (elle a abrit\u00e9 aussi durant de longues ann\u00e9es la maison provinciale).<\/p>\n<p>En 1924, les soeurs ach\u00e8tent la propri\u00e9t\u00e9 voisine d\u00e9nomm\u00e9e \u00ab La Grande Bastide \u00bb pour en faire une maison d\u2019accueil, puis un pensionnat et un foyer de jeunes filles.<\/p>\n<p>En 1948 est cr\u00e9\u00e9 officiellement \u00ab l\u2019Institut m\u00e9nager de la Grande Bastide \u00bb qui accueille la formation de monitorat d\u2019enseignement m\u00e9nager (\u00e9quivalent actuel du B.T.S.) et en 1949, une \u00e9cole d\u2019application avec le C.A.P. Arts M\u00e9nagers.<\/p>\n<p>En 1969, le monitorat devient le B.T.S. en Economie Sociale et Familiale, en 1970 s\u2019ouvre le B.E.P. Carri\u00e8res Sanitaires et Sociales, en 1986 la troisi\u00e8me ann\u00e9e de Conseiller en Economie Sociale et Familiale, en 1990 le B.E.P. Bioservices, en 1998 le Baccalaur\u00e9at Sciences M\u00e9dico-Sociales et en 2002 le B.E.P. M\u00e9tiers de la Restauration et de l\u2019H\u00f4tellerie.<\/p>\n<p>De son c\u00f4t\u00e9, Pastr\u00e9 qui abrite une \u00e9cole maternelle et primaire devient un cours compl\u00e9mentaire dans les ann\u00e9es 60, c\u2019est-\u00e0-dire qu\u2019un coll\u00e8ge se cr\u00e9e par extension de l\u2019\u00e9cole.<\/p>\n<p>C\u2019est en 1999, que les deux \u00e9tablissements fusionnent pour devenir l\u2019\u00e9cole, le coll\u00e8ge et le lyc\u00e9e Pastr\u00e9-Grande Bastide.<\/p>\n<\/div><\/div><\/div><div class=\"fusion-layout-column fusion_builder_column fusion-builder-column-2 fusion_builder_column_1_3 1_3 fusion-flex-column\" style=\"--awb-bg-size:cover;--awb-width-large:33.333333333333%;--awb-margin-top-large:0px;--awb-spacing-right-large:5.76%;--awb-margin-bottom-large:20px;--awb-spacing-left-large:5.76%;--awb-width-medium:33.333333333333%;--awb-order-medium:0;--awb-spacing-right-medium:5.76%;--awb-spacing-left-medium:5.76%;--awb-width-small:100%;--awb-order-small:0;--awb-spacing-right-small:1.92%;--awb-spacing-left-small:1.92%;\"><div class=\"fusion-column-wrapper fusion-column-has-shadow fusion-flex-justify-content-flex-start fusion-content-layout-column\"><div class=\"fusion-image-element \" style=\"--awb-caption-title-font-family:var(--h2_typography-font-family);--awb-caption-title-font-weight:var(--h2_typography-font-weight);--awb-caption-title-font-style:var(--h2_typography-font-style);--awb-caption-title-size:var(--h2_typography-font-size);--awb-caption-title-transform:var(--h2_typography-text-transform);--awb-caption-title-line-height:var(--h2_typography-line-height);--awb-caption-title-letter-spacing:var(--h2_typography-letter-spacing);\"><span class=\" fusion-imageframe imageframe-dropshadow imageframe-1 hover-type-none\" style=\"-webkit-box-shadow: 3px 3px 7px rgba(122,122,122,0.3);box-shadow: 3px 3px 7px rgba(122,122,122,0.3);\"><img decoding=\"async\" width=\"2986\" height=\"4480\" title=\"historique\" src=\"https:\/\/extrapgb.fr\/pastre\/wp-content\/uploads\/2023\/05\/historique.png\" alt class=\"img-responsive wp-image-749\" srcset=\"https:\/\/extrapgb.fr\/pastre\/wp-content\/uploads\/2023\/05\/historique-200x300.png 200w, https:\/\/extrapgb.fr\/pastre\/wp-content\/uploads\/2023\/05\/historique-400x600.png 400w, https:\/\/extrapgb.fr\/pastre\/wp-content\/uploads\/2023\/05\/historique-600x900.png 600w, https:\/\/extrapgb.fr\/pastre\/wp-content\/uploads\/2023\/05\/historique-800x1200.png 800w, https:\/\/extrapgb.fr\/pastre\/wp-content\/uploads\/2023\/05\/historique-1200x1800.png 1200w, https:\/\/extrapgb.fr\/pastre\/wp-content\/uploads\/2023\/05\/historique.png 2986w\" sizes=\"(max-width: 640px) 100vw, 400px\" \/><\/span><\/div><\/div><\/div><\/div><\/div>\n","protected":false},"excerpt":{"rendered":"","protected":false},"author":1,"featured_media":0,"parent":0,"menu_order":0,"comment_status":"closed","ping_status":"closed","template":"100-width.php","meta":{"_lmt_disableupdate":"","_lmt_disable":"","footnotes":""},"class_list":["post-102","page","type-page","status-publish","hentry"],"_links":{"self":[{"href":"https:\/\/extrapgb.fr\/pastre\/wp-json\/wp\/v2\/pages\/102","targetHints":{"allow":["GET"]}}],"collection":[{"href":"https:\/\/extrapgb.fr\/pastre\/wp-json\/wp\/v2\/pages"}],"about":[{"href":"https:\/\/extrapgb.fr\/pastre\/wp-json\/wp\/v2\/types\/page"}],"author":[{"embeddable":true,"href":"https:\/\/extrapgb.fr\/pastre\/wp-json\/wp\/v2\/users\/1"}],"replies":[{"embeddable":true,"href":"https:\/\/extrapgb.fr\/pastre\/wp-json\/wp\/v2\/comments?post=102"}],"version-history":[{"count":1,"href":"https:\/\/extrapgb.fr\/pastre\/wp-json\/wp\/v2\/pages\/102\/revisions"}],"predecessor-version":[{"id":1672,"href":"https:\/\/extrapgb.fr\/pastre\/wp-json\/wp\/v2\/pages\/102\/revisions\/1672"}],"wp:attachment":[{"href":"https:\/\/extrapgb.fr\/pastre\/wp-json\/wp\/v2\/media?parent=102"}],"curies":[{"name":"wp","href":"https:\/\/api.w.org\/{rel}","templated":true}]}}